{"id":13423,"date":"2021-05-21T07:48:22","date_gmt":"2021-05-21T07:48:22","guid":{"rendered":"https:\/\/www.bramex.de\/ro\/?page_id=13423"},"modified":"2021-06-01T07:29:53","modified_gmt":"2021-06-01T07:29:53","slug":"calculator-asigurare-angajat","status":"publish","type":"page","link":"https:\/\/www.bramex.de\/ro\/calculator-asigurare-angajat\/","title":{"rendered":"Calculator asigurare angajat"},"content":{"rendered":"\t\t<div data-elementor-type=\"wp-page\" data-elementor-id=\"13423\" class=\"elementor elementor-13423\" data-elementor-post-type=\"page\">\n\t\t\t\t\t\t<section class=\"elementor-section elementor-top-section elementor-element elementor-element-9fba931 elementor-section-boxed elementor-section-height-default elementor-section-height-default\" data-id=\"9fba931\" data-element_type=\"section\" data-e-type=\"section\">\n\t\t\t\t\t\t<div class=\"elementor-container elementor-column-gap-default\">\n\t\t\t\t\t<div class=\"elementor-column elementor-col-100 elementor-top-column elementor-element elementor-element-6f439e1\" data-id=\"6f439e1\" data-element_type=\"column\" data-e-type=\"column\">\n\t\t\t<div class=\"elementor-widget-wrap elementor-element-populated\">\n\t\t\t\t\t\t<div class=\"elementor-element elementor-element-e27582d elementor-widget elementor-widget-shortcode\" data-id=\"e27582d\" data-element_type=\"widget\" data-e-type=\"widget\" data-widget_type=\"shortcode.default\">\n\t\t\t\t<div class=\"elementor-widget-container\">\n\t\t\t\t\t\t\t<div class=\"elementor-shortcode\"><\/div>\n\t\t\t\t\t\t<\/div>\n\t\t\t\t<\/div>\n\t\t\t\t\t<\/div>\n\t\t<\/div>\n\t\t\t\t\t<\/div>\n\t\t<\/section>\n\t\t\t\t<section class=\"elementor-section elementor-top-section elementor-element elementor-element-2ec4b73 elementor-section-boxed elementor-section-height-default elementor-section-height-default\" data-id=\"2ec4b73\" data-element_type=\"section\" data-e-type=\"section\">\n\t\t\t\t\t\t<div class=\"elementor-container elementor-column-gap-default\">\n\t\t\t\t\t<div class=\"elementor-column elementor-col-100 elementor-top-column elementor-element elementor-element-bde5836\" data-id=\"bde5836\" data-element_type=\"column\" data-e-type=\"column\">\n\t\t\t<div class=\"elementor-widget-wrap elementor-element-populated\">\n\t\t\t\t\t\t<div class=\"elementor-element elementor-element-6acb829 elementor-widget elementor-widget-text-editor\" data-id=\"6acb829\" data-element_type=\"widget\" data-e-type=\"widget\" data-widget_type=\"text-editor.default\">\n\t\t\t\t<div class=\"elementor-widget-container\">\n\t\t\t\t\t\t\t\t\t<p style=\"text-align: center;\"><span style=\"color: #ff0000;\"><strong>IMPORTANT<\/strong><\/span><\/p>\t\t\t\t\t\t\t\t<\/div>\n\t\t\t\t<\/div>\n\t\t\t\t\t<\/div>\n\t\t<\/div>\n\t\t\t\t\t<\/div>\n\t\t<\/section>\n\t\t\t\t<section class=\"elementor-section elementor-top-section elementor-element elementor-element-4b57293 elementor-section-boxed elementor-section-height-default elementor-section-height-default\" data-id=\"4b57293\" data-element_type=\"section\" data-e-type=\"section\">\n\t\t\t\t\t\t<div class=\"elementor-container elementor-column-gap-default\">\n\t\t\t\t\t<div class=\"elementor-column elementor-col-50 elementor-top-column elementor-element elementor-element-b1b3e0f\" data-id=\"b1b3e0f\" data-element_type=\"column\" data-e-type=\"column\">\n\t\t\t<div class=\"elementor-widget-wrap elementor-element-populated\">\n\t\t\t\t\t\t<div class=\"elementor-element elementor-element-cc0b5ad elementor-widget elementor-widget-text-editor\" data-id=\"cc0b5ad\" data-element_type=\"widget\" data-e-type=\"widget\" data-widget_type=\"text-editor.default\">\n\t\t\t\t<div class=\"elementor-widget-container\">\n\t\t\t\t\t\t\t\t\t<p>AOK-urile sunt organizate pe regiuni. Pute\u021bi alege AOK-ul respectiv numai dac\u0103 sunte\u021bi \u00eenregistrat \u00een acel land(de exemplu: Berlin este AOK Nordost) sau dac\u0103 angajatorul este din zona respectiv\u0103.<\/p><ul><li>AOK Nordost (Landurile Berlin, Brandenburg \u0219i Mecklenburg-Pomerania Inferioar\u0103)<\/li><li>AOK Bayern (Landul Bavaria)<\/li><li>AOK Hessen (Landul Hessen)<\/li><\/ul>\t\t\t\t\t\t\t\t<\/div>\n\t\t\t\t<\/div>\n\t\t\t\t\t<\/div>\n\t\t<\/div>\n\t\t\t\t<div class=\"elementor-column elementor-col-50 elementor-top-column elementor-element elementor-element-b2bc5af\" data-id=\"b2bc5af\" data-element_type=\"column\" data-e-type=\"column\">\n\t\t\t<div class=\"elementor-widget-wrap elementor-element-populated\">\n\t\t\t\t\t\t<div class=\"elementor-element elementor-element-f24e762 elementor-widget elementor-widget-text-editor\" data-id=\"f24e762\" data-element_type=\"widget\" data-e-type=\"widget\" data-widget_type=\"text-editor.default\">\n\t\t\t\t<div class=\"elementor-widget-container\">\n\t\t\t\t\t\t\t\t\t<p><strong>Ace\u0219tia sunt cei mai solicita\u021bi asigur\u0103tori de c\u0103tre clien\u021bii no\u0219tri. Dac\u0103 sunte\u021bi interesat de o alt\u0103 companie care nu se afl\u0103 pe aceast\u0103 list\u0103, o pute\u021bi indica \u00een procesul de contractare a asigur\u0103ri<\/strong><strong>i.<\/strong><\/p>\t\t\t\t\t\t\t\t<\/div>\n\t\t\t\t<\/div>\n\t\t\t\t\t<\/div>\n\t\t<\/div>\n\t\t\t\t\t<\/div>\n\t\t<\/section>\n\t\t\t\t<section class=\"elementor-section elementor-top-section elementor-element elementor-element-c935820 elementor-section-boxed elementor-section-height-default elementor-section-height-default\" data-id=\"c935820\" data-element_type=\"section\" data-e-type=\"section\">\n\t\t\t\t\t\t<div class=\"elementor-container elementor-column-gap-default\">\n\t\t\t\t\t<div class=\"elementor-column elementor-col-100 elementor-top-column elementor-element elementor-element-dd05426\" data-id=\"dd05426\" data-element_type=\"column\" data-e-type=\"column\">\n\t\t\t<div class=\"elementor-widget-wrap elementor-element-populated\">\n\t\t\t\t\t\t<div class=\"elementor-element elementor-element-7d326e9 elementor-align-center elementor-widget elementor-widget-button\" data-id=\"7d326e9\" data-element_type=\"widget\" data-e-type=\"widget\" data-widget_type=\"button.default\">\n\t\t\t\t<div class=\"elementor-widget-container\">\n\t\t\t\t\t\t\t\t\t<div class=\"elementor-button-wrapper\">\n\t\t\t\t\t<a class=\"elementor-button elementor-button-link elementor-size-sm\" href=\"https:\/\/www.bramex.de\/ro\/asigurarea-sanatatii-publice-procesul-de-contractare\/\">\n\t\t\t\t\t\t<span class=\"elementor-button-content-wrapper\">\n\t\t\t\t\t\t\t\t\t<span class=\"elementor-button-text\">\u00cenapoi la procesul de afiliere<\/span>\n\t\t\t\t\t<\/span>\n\t\t\t\t\t<\/a>\n\t\t\t\t<\/div>\n\t\t\t\t\t\t\t\t<\/div>\n\t\t\t\t<\/div>\n\t\t\t\t\t<\/div>\n\t\t<\/div>\n\t\t\t\t\t<\/div>\n\t\t<\/section>\n\t\t\t\t<\/div>\n\t\t","protected":false},"excerpt":{"rendered":"<p>IMPORTANT AOK-urile sunt organizate pe regiuni. Pute\u021bi alege AOK-ul respectiv numai dac\u0103 sunte\u021bi \u00eenregistrat \u00een acel land(de exemplu: Berlin este AOK Nordost) sau dac\u0103 angajatorul este din zona respectiv\u0103. AOK Nordost (Landurile Berlin, Brandenburg \u0219i Mecklenburg-Pomerania Inferioar\u0103) AOK Bayern (Landul Bavaria) AOK Hessen (Landul Hessen) Ace\u0219tia sunt cei mai solicita\u021bi asigur\u0103tori de c\u0103tre clien\u021bii no\u0219tri. &#8230; <a title=\"Calculator asigurare angajat\" class=\"read-more\" href=\"https:\/\/www.bramex.de\/ro\/calculator-asigurare-angajat\/\" aria-label=\"Cite\u0219te mai multe despre Calculator asigurare angajat\">Cite\u0219te mai mult<\/a><\/p>\n","protected":false},"author":4,"featured_media":0,"parent":0,"menu_order":0,"comment_status":"closed","ping_status":"closed","template":"","meta":{"footnotes":""},"class_list":["post-13423","page","type-page","status-publish"],"yoast_head":"<!-- This site is optimized with the Yoast SEO plugin v27.4 - https:\/\/yoast.com\/product\/yoast-seo-wordpress\/ -->\n<title>Calculator asigurare angajat<\/title>\n<meta name=\"robots\" content=\"noindex, follow\" \/>\n<meta property=\"og:locale\" content=\"ro_RO\" \/>\n<meta property=\"og:type\" content=\"article\" \/>\n<meta property=\"og:title\" content=\"Calculator asigurare angajat\" \/>\n<meta property=\"og:description\" content=\"IMPORTANT AOK-urile sunt organizate pe regiuni. Pute\u021bi alege AOK-ul respectiv numai dac\u0103 sunte\u021bi \u00eenregistrat \u00een acel land(de exemplu: Berlin este AOK Nordost) sau dac\u0103 angajatorul este din zona respectiv\u0103. AOK Nordost (Landurile Berlin, Brandenburg \u0219i Mecklenburg-Pomerania Inferioar\u0103) AOK Bayern (Landul Bavaria) AOK Hessen (Landul Hessen) Ace\u0219tia sunt cei mai solicita\u021bi asigur\u0103tori de c\u0103tre clien\u021bii no\u0219tri. ... Cite\u0219te mai mult\" \/>\n<meta property=\"og:url\" content=\"https:\/\/www.bramex.de\/ro\/calculator-asigurare-angajat\/\" \/>\n<meta property=\"og:site_name\" content=\"Bramex\" \/>\n<meta property=\"article:publisher\" content=\"https:\/\/www.facebook.com\/bramexseguros\" \/>\n<meta property=\"article:modified_time\" content=\"2021-06-01T07:29:53+00:00\" \/>\n<meta property=\"og:image\" content=\"https:\/\/www.bramex.de\/wp-content\/uploads\/2021\/01\/bramex_esp.png\" \/>\n\t<meta property=\"og:image:width\" content=\"2560\" \/>\n\t<meta property=\"og:image:height\" content=\"689\" \/>\n\t<meta property=\"og:image:type\" content=\"image\/png\" \/>\n<meta name=\"twitter:card\" content=\"summary_large_image\" \/>\n<meta name=\"twitter:label1\" content=\"Timp estimat pentru citire\" \/>\n\t<meta name=\"twitter:data1\" content=\"5 minute\" \/>\n<script type=\"application\/ld+json\" class=\"yoast-schema-graph\">{\"@context\":\"https:\\\/\\\/schema.org\",\"@graph\":[{\"@type\":\"WebPage\",\"@id\":\"https:\\\/\\\/www.bramex.de\\\/ro\\\/calculator-asigurare-angajat\\\/\",\"url\":\"https:\\\/\\\/www.bramex.de\\\/ro\\\/calculator-asigurare-angajat\\\/\",\"name\":\"Calculator asigurare angajat\",\"isPartOf\":{\"@id\":\"https:\\\/\\\/www.bramex.de\\\/#website\"},\"datePublished\":\"2021-05-21T07:48:22+00:00\",\"dateModified\":\"2021-06-01T07:29:53+00:00\",\"breadcrumb\":{\"@id\":\"https:\\\/\\\/www.bramex.de\\\/ro\\\/calculator-asigurare-angajat\\\/#breadcrumb\"},\"inLanguage\":\"ro-RO\",\"potentialAction\":[{\"@type\":\"ReadAction\",\"target\":[\"https:\\\/\\\/www.bramex.de\\\/ro\\\/calculator-asigurare-angajat\\\/\"]}]},{\"@type\":\"BreadcrumbList\",\"@id\":\"https:\\\/\\\/www.bramex.de\\\/ro\\\/calculator-asigurare-angajat\\\/#breadcrumb\",\"itemListElement\":[{\"@type\":\"ListItem\",\"position\":1,\"name\":\"Portada\",\"item\":\"https:\\\/\\\/www.bramex.de\\\/ro\\\/consultanta-oficiala-asigurari-germania\\\/\"},{\"@type\":\"ListItem\",\"position\":2,\"name\":\"Calculator asigurare angajat\"}]},{\"@type\":\"WebSite\",\"@id\":\"https:\\\/\\\/www.bramex.de\\\/#website\",\"url\":\"https:\\\/\\\/www.bramex.de\\\/\",\"name\":\"Bramex\",\"description\":\"Corredur\u00eda oficial en Alemania\",\"publisher\":{\"@id\":\"https:\\\/\\\/www.bramex.de\\\/#organization\"},\"potentialAction\":[{\"@type\":\"SearchAction\",\"target\":{\"@type\":\"EntryPoint\",\"urlTemplate\":\"https:\\\/\\\/www.bramex.de\\\/?s={search_term_string}\"},\"query-input\":{\"@type\":\"PropertyValueSpecification\",\"valueRequired\":true,\"valueName\":\"search_term_string\"}}],\"inLanguage\":\"ro-RO\"},{\"@type\":\"Organization\",\"@id\":\"https:\\\/\\\/www.bramex.de\\\/#organization\",\"name\":\"Bramex\",\"url\":\"https:\\\/\\\/www.bramex.de\\\/\",\"logo\":{\"@type\":\"ImageObject\",\"inLanguage\":\"ro-RO\",\"@id\":\"https:\\\/\\\/www.bramex.de\\\/#\\\/schema\\\/logo\\\/image\\\/\",\"url\":\"https:\\\/\\\/www.bramex.de\\\/wp-content\\\/uploads\\\/2021\\\/01\\\/bramex_esp.png\",\"contentUrl\":\"https:\\\/\\\/www.bramex.de\\\/wp-content\\\/uploads\\\/2021\\\/01\\\/bramex_esp.png\",\"width\":2560,\"height\":689,\"caption\":\"Bramex\"},\"image\":{\"@id\":\"https:\\\/\\\/www.bramex.de\\\/#\\\/schema\\\/logo\\\/image\\\/\"},\"sameAs\":[\"https:\\\/\\\/www.facebook.com\\\/bramexseguros\",\"https:\\\/\\\/www.youtube.com\\\/channel\\\/UC710Tp0JpVJ5pcvVLUO1o9w\",\"https:\\\/\\\/www.instagram.com\\\/bramexalemania\\\/\"]}]}<\/script>\n<!-- \/ Yoast SEO plugin. -->","yoast_head_json":{"title":"Calculator asigurare angajat","robots":{"index":"noindex","follow":"follow"},"og_locale":"ro_RO","og_type":"article","og_title":"Calculator asigurare angajat","og_description":"IMPORTANT AOK-urile sunt organizate pe regiuni. Pute\u021bi alege AOK-ul respectiv numai dac\u0103 sunte\u021bi \u00eenregistrat \u00een acel land(de exemplu: Berlin este AOK Nordost) sau dac\u0103 angajatorul este din zona respectiv\u0103. AOK Nordost (Landurile Berlin, Brandenburg \u0219i Mecklenburg-Pomerania Inferioar\u0103) AOK Bayern (Landul Bavaria) AOK Hessen (Landul Hessen) Ace\u0219tia sunt cei mai solicita\u021bi asigur\u0103tori de c\u0103tre clien\u021bii no\u0219tri. ... Cite\u0219te mai mult","og_url":"https:\/\/www.bramex.de\/ro\/calculator-asigurare-angajat\/","og_site_name":"Bramex","article_publisher":"https:\/\/www.facebook.com\/bramexseguros","article_modified_time":"2021-06-01T07:29:53+00:00","og_image":[{"width":2560,"height":689,"url":"https:\/\/www.bramex.de\/wp-content\/uploads\/2021\/01\/bramex_esp.png","type":"image\/png"}],"twitter_card":"summary_large_image","twitter_misc":{"Timp estimat pentru citire":"5 minute"},"schema":{"@context":"https:\/\/schema.org","@graph":[{"@type":"WebPage","@id":"https:\/\/www.bramex.de\/ro\/calculator-asigurare-angajat\/","url":"https:\/\/www.bramex.de\/ro\/calculator-asigurare-angajat\/","name":"Calculator asigurare angajat","isPartOf":{"@id":"https:\/\/www.bramex.de\/#website"},"datePublished":"2021-05-21T07:48:22+00:00","dateModified":"2021-06-01T07:29:53+00:00","breadcrumb":{"@id":"https:\/\/www.bramex.de\/ro\/calculator-asigurare-angajat\/#breadcrumb"},"inLanguage":"ro-RO","potentialAction":[{"@type":"ReadAction","target":["https:\/\/www.bramex.de\/ro\/calculator-asigurare-angajat\/"]}]},{"@type":"BreadcrumbList","@id":"https:\/\/www.bramex.de\/ro\/calculator-asigurare-angajat\/#breadcrumb","itemListElement":[{"@type":"ListItem","position":1,"name":"Portada","item":"https:\/\/www.bramex.de\/ro\/consultanta-oficiala-asigurari-germania\/"},{"@type":"ListItem","position":2,"name":"Calculator asigurare angajat"}]},{"@type":"WebSite","@id":"https:\/\/www.bramex.de\/#website","url":"https:\/\/www.bramex.de\/","name":"Bramex","description":"Corredur\u00eda oficial en Alemania","publisher":{"@id":"https:\/\/www.bramex.de\/#organization"},"potentialAction":[{"@type":"SearchAction","target":{"@type":"EntryPoint","urlTemplate":"https:\/\/www.bramex.de\/?s={search_term_string}"},"query-input":{"@type":"PropertyValueSpecification","valueRequired":true,"valueName":"search_term_string"}}],"inLanguage":"ro-RO"},{"@type":"Organization","@id":"https:\/\/www.bramex.de\/#organization","name":"Bramex","url":"https:\/\/www.bramex.de\/","logo":{"@type":"ImageObject","inLanguage":"ro-RO","@id":"https:\/\/www.bramex.de\/#\/schema\/logo\/image\/","url":"https:\/\/www.bramex.de\/wp-content\/uploads\/2021\/01\/bramex_esp.png","contentUrl":"https:\/\/www.bramex.de\/wp-content\/uploads\/2021\/01\/bramex_esp.png","width":2560,"height":689,"caption":"Bramex"},"image":{"@id":"https:\/\/www.bramex.de\/#\/schema\/logo\/image\/"},"sameAs":["https:\/\/www.facebook.com\/bramexseguros","https:\/\/www.youtube.com\/channel\/UC710Tp0JpVJ5pcvVLUO1o9w","https:\/\/www.instagram.com\/bramexalemania\/"]}]}},"_links":{"self":[{"href":"https:\/\/www.bramex.de\/ro\/wp-json\/wp\/v2\/pages\/13423","targetHints":{"allow":["GET"]}}],"collection":[{"href":"https:\/\/www.bramex.de\/ro\/wp-json\/wp\/v2\/pages"}],"about":[{"href":"https:\/\/www.bramex.de\/ro\/wp-json\/wp\/v2\/types\/page"}],"author":[{"embeddable":true,"href":"https:\/\/www.bramex.de\/ro\/wp-json\/wp\/v2\/users\/4"}],"replies":[{"embeddable":true,"href":"https:\/\/www.bramex.de\/ro\/wp-json\/wp\/v2\/comments?post=13423"}],"version-history":[{"count":0,"href":"https:\/\/www.bramex.de\/ro\/wp-json\/wp\/v2\/pages\/13423\/revisions"}],"wp:attachment":[{"href":"https:\/\/www.bramex.de\/ro\/wp-json\/wp\/v2\/media?parent=13423"}],"curies":[{"name":"wp","href":"https:\/\/api.w.org\/{rel}","templated":true}]}}