{"id":23767,"date":"2022-11-04T08:55:57","date_gmt":"2022-11-04T07:55:57","guid":{"rendered":"https:\/\/www.bramex.de\/en\/?page_id=23767"},"modified":"2022-11-04T08:58:18","modified_gmt":"2022-11-04T07:58:18","slug":"cookies-policy","status":"publish","type":"page","link":"https:\/\/www.bramex.de\/en\/cookies-policy\/","title":{"rendered":"Cookies policy"},"content":{"rendered":"<style>\/*! elementor - v3.7.8 - 02-10-2022 *\/\n.elementor-heading-title{padding:0;margin:0;line-height:1}.elementor-widget-heading .elementor-heading-title[class*=elementor-size-]>a{color:inherit;font-size:inherit;line-height:inherit}.elementor-widget-heading .elementor-heading-title.elementor-size-small{font-size:15px}.elementor-widget-heading .elementor-heading-title.elementor-size-medium{font-size:19px}.elementor-widget-heading .elementor-heading-title.elementor-size-large{font-size:29px}.elementor-widget-heading .elementor-heading-title.elementor-size-xl{font-size:39px}.elementor-widget-heading .elementor-heading-title.elementor-size-xxl{font-size:59px}<\/style>\n<h2>COOKIES POLICY<\/h2>\n<p>BRAMEX e.K. uses cookies in order to offer you a better browsing experience that suits your needs, as well as to protect and improve the website. read carefully<br \/>this Cookies Policy to learn about the responsible use that BRAMEX e.K. makes of them and about the options you have to configure your browser and manage them.<br \/>What are cookies?<br \/>Cookies are small data files that are generated on the user&#8217;s computer and that allow us to know their frequency of visits, the most selected content and the<br \/>security elements that can intervene in the control of access to restricted areas, as well as the display of advertising based on criteria predefined by BRAMEX e.K. Y<br \/>that are activated by cookies served by said entity or by third parties that provide these services on behalf of BRAMEX e.K.<br \/>As a general rule, there are the following types of cookies:<br \/>Depending on its expiration:<br \/>Session:<br \/>They expire at the end of the session.<br \/>Persistence:<br \/>They do not expire at the end of the session.<br \/>Depending on its origin:<br \/>Source:<br \/>Enabled by the website you are browsing.<br \/>Third parties.<br \/>They come from other websites.<br \/>Depending on its purpose:<br \/>Techniques: allow navigation and use of different services.<br \/>Personalization:<br \/>allow access to the service with predefined characteristics.<br \/>Analysis:<br \/>They allow the monitoring and analysis of user behavior.<br \/>Advertising:<br \/>They allow the management of advertising spaces.<br \/>Behavioral advertising: they allow the management of advertising spaces. They store information on user behavior.<br \/>What type of cookies do we use and for what purposes?<br \/>On this website, the following types of cookies are used, with the following purposes:<br \/>Analytical Cookies<br \/>They are used to collect user activity statistics. Among others, the number of users who visit the website, the number of pages visited as well as the activity are analyzed.<br \/>of users on the website and their frequency of use.<br \/>The information collected is always anonymous in such a way that no link can be established between it and the natural person to whom it refers.<br \/>More information: https:\/\/cookiepedia.co.uk\/giving-consent-to-cookies<br \/>Authentication Cookies<br \/>They are used to maintain the user&#8217;s session during each visit, being dominant in private environments of the website that require a username and password for the<br \/>access.<br \/>More information: https:\/\/cookiepedia.co.uk\/giving-consent-to-cookies<br \/>Cookies used by social networks<br \/>They allow the user to have the possibility of sharing with their contacts in a social network the contents that are of interest to them by marking the button (plug-in)<br \/>corresponding inserted in the website.<br \/>The plug-ins store and access the cookies of the user&#8217;s terminal and allow the social network to identify its users when they interact with the plug-ins.<br \/>More information: https:\/\/cookiepedia.co.uk\/giving-consent-to-cookies<br \/>Cookies used by external content plugins<br \/>They are necessary for the provision of some type of service and are stored by third parties.<br \/>Within this category of cookies are, for example, multimedia player cookies, which are used to store technical data with a view to reproducing<br \/>video or audio content, such as image quality, upload parameters, etc.<br \/>More information: https:\/\/cookiepedia.co.uk\/giving-consent-to-cookies<br \/>Third-party cookies for the personalization of advertising spaces<br \/>They allow managing the advertising space that users see when accessing the website and are stored by third parties.<br \/>More information: https:\/\/cookiepedia.co.uk\/giving-consent-to-cookies<\/p>\n<p>\u00bfQui\u00e9n accede a la informaci\u00f3n de las cookies?<br \/>La informaci\u00f3n almacenada en las cookies es utilizada exclusivamente por BRAMEX e.K.<br \/><strong>\u00bfPueden desactivarse las cookies?<\/strong><br \/>Salvo en el caso de las cookies anal\u00edticas, el uso de cookies tiene un efecto sobre la privacidad de los usuarios dado que, por regla general, permite relacionar su contenido con la direcci\u00f3n<br \/>IP de conexi\u00f3n y con otros datos de car\u00e1cter personal del usuario, como los aportados voluntariamente.<br \/>Mediante la aceptaci\u00f3n de la presente Pol\u00edtica de Privacidad y Cookies, el usuario estar\u00e1 consintiendo la generaci\u00f3n de cookies para las finalidades arriba mencionadas.<br \/>No obstante lo anterior, en caso de que el usuario desee con posterioridad eliminar las cookies que se hayan almacenado en su ordenador y que necesariamente precisen de su<br \/>consentimiento, podr\u00e1 hacerlo usando las herramientas que le proporcione su navegador a dichos efectos. En este sentido, dependiendo de su navegador, en los siguientes enlaces se<br \/>detalla el procedimiento para desactivar las cookies:<br \/>Firefox: http:\/\/support.mozilla.org\/es\/kb\/habilitar-y-deshabilitar-cookies-que-los-sitios-we<br \/>Internet Explorer: http:\/\/windows.microsoft.com\/es-es\/internet-explorer\/delete-manage-cookies<br \/>Chrome: http:\/\/support.google.com\/chrome\/bin\/answer.py?hl=es&amp;answer=95647<br \/>Safari: http:\/\/support.apple.com\/kb\/HT1677?viewlocale=es_ES<br \/>Opera: http:\/\/help.opera.com\/Windows\/8.54\/es-ES\/cookies.html#privacy-cookie<br \/>Si el usuario no acepta las cookies o las rechaza posteriormente, las funcionalidades del sitio web podr\u00e1n verse mermadas.<br \/>Cambios y actualizaciones en la Pol\u00edtica de cookies<br \/>BRAMEX e.K. y las empresas del grupo pueden modificar esta Pol\u00edtica de Cookies en funci\u00f3n de exigencias legislativas, reglamentarias, o con la finalidad de adaptar dicha pol\u00edtica a las<br \/>instrucciones y recomendaciones dictadas por los reguladores. Se recomienda, por tanto, revisar peri\u00f3dicamente la Pol\u00edtica de Cookies.<\/p>\n","protected":false},"excerpt":{"rendered":"<p>COOKIES POLICY BRAMEX e.K. uses cookies in order to offer you a better browsing experience that suits your needs, as well as to protect and improve the website. read carefullythis Cookies Policy to learn about the responsible use that BRAMEX e.K. makes of them and about the options you have to configure your browser and &#8230; <a title=\"Cookies policy\" class=\"read-more\" href=\"https:\/\/www.bramex.de\/en\/cookies-policy\/\">Leer m\u00e1s<\/a><\/p>\n","protected":false},"author":4,"featured_media":0,"parent":0,"menu_order":0,"comment_status":"closed","ping_status":"closed","template":"","meta":{"footnotes":""},"class_list":{"0":"post-23767","1":"page","2":"type-page","3":"status-publish","5":"no-featured-image-padding"},"yoast_head":"<!-- This site is optimized with the Yoast SEO plugin v27.3 - https:\/\/yoast.com\/product\/yoast-seo-wordpress\/ -->\n<title>Cookies policy<\/title>\n<meta name=\"robots\" content=\"noindex, follow\" \/>\n<meta property=\"og:locale\" content=\"en_US\" \/>\n<meta property=\"og:type\" content=\"article\" \/>\n<meta property=\"og:title\" content=\"Cookies policy\" \/>\n<meta property=\"og:description\" content=\"COOKIES POLICY BRAMEX e.K. uses cookies in order to offer you a better browsing experience that suits your needs, as well as to protect and improve the website. read carefullythis Cookies Policy to learn about the responsible use that BRAMEX e.K. makes of them and about the options you have to configure your browser and ... Leer m\u00e1s\" \/>\n<meta property=\"og:url\" content=\"https:\/\/www.bramex.de\/en\/cookies-policy\/\" \/>\n<meta property=\"og:site_name\" content=\"Bramex\" \/>\n<meta property=\"article:publisher\" content=\"https:\/\/www.facebook.com\/bramexseguros\" \/>\n<meta property=\"article:modified_time\" content=\"2022-11-04T07:58:18+00:00\" \/>\n<meta property=\"og:image\" content=\"https:\/\/www.bramex.de\/wp-content\/uploads\/2021\/01\/bramex_esp.png\" \/>\n\t<meta property=\"og:image:width\" content=\"2560\" \/>\n\t<meta property=\"og:image:height\" content=\"689\" \/>\n\t<meta property=\"og:image:type\" content=\"image\/png\" \/>\n<meta name=\"twitter:card\" content=\"summary_large_image\" \/>\n<meta name=\"twitter:label1\" content=\"Est. reading time\" \/>\n\t<meta name=\"twitter:data1\" content=\"4 minutes\" \/>\n<script type=\"application\/ld+json\" class=\"yoast-schema-graph\">{\"@context\":\"https:\\\/\\\/schema.org\",\"@graph\":[{\"@type\":\"WebPage\",\"@id\":\"https:\\\/\\\/www.bramex.de\\\/en\\\/cookies-policy\\\/\",\"url\":\"https:\\\/\\\/www.bramex.de\\\/en\\\/cookies-policy\\\/\",\"name\":\"Cookies policy\",\"isPartOf\":{\"@id\":\"https:\\\/\\\/www.bramex.de\\\/#website\"},\"datePublished\":\"2022-11-04T07:55:57+00:00\",\"dateModified\":\"2022-11-04T07:58:18+00:00\",\"breadcrumb\":{\"@id\":\"https:\\\/\\\/www.bramex.de\\\/en\\\/cookies-policy\\\/#breadcrumb\"},\"inLanguage\":\"en-US\",\"potentialAction\":[{\"@type\":\"ReadAction\",\"target\":[\"https:\\\/\\\/www.bramex.de\\\/en\\\/cookies-policy\\\/\"]}]},{\"@type\":\"BreadcrumbList\",\"@id\":\"https:\\\/\\\/www.bramex.de\\\/en\\\/cookies-policy\\\/#breadcrumb\",\"itemListElement\":[{\"@type\":\"ListItem\",\"position\":1,\"name\":\"Portada\",\"item\":\"https:\\\/\\\/www.bramex.de\\\/en\\\/home-bramex\\\/\"},{\"@type\":\"ListItem\",\"position\":2,\"name\":\"Cookies policy\"}]},{\"@type\":\"WebSite\",\"@id\":\"https:\\\/\\\/www.bramex.de\\\/#website\",\"url\":\"https:\\\/\\\/www.bramex.de\\\/\",\"name\":\"Bramex\",\"description\":\"Corredur\u00eda oficial en Alemania\",\"publisher\":{\"@id\":\"https:\\\/\\\/www.bramex.de\\\/#organization\"},\"potentialAction\":[{\"@type\":\"SearchAction\",\"target\":{\"@type\":\"EntryPoint\",\"urlTemplate\":\"https:\\\/\\\/www.bramex.de\\\/?s={search_term_string}\"},\"query-input\":{\"@type\":\"PropertyValueSpecification\",\"valueRequired\":true,\"valueName\":\"search_term_string\"}}],\"inLanguage\":\"en-US\"},{\"@type\":\"Organization\",\"@id\":\"https:\\\/\\\/www.bramex.de\\\/#organization\",\"name\":\"Bramex\",\"url\":\"https:\\\/\\\/www.bramex.de\\\/\",\"logo\":{\"@type\":\"ImageObject\",\"inLanguage\":\"en-US\",\"@id\":\"https:\\\/\\\/www.bramex.de\\\/#\\\/schema\\\/logo\\\/image\\\/\",\"url\":\"https:\\\/\\\/www.bramex.de\\\/wp-content\\\/uploads\\\/2021\\\/01\\\/bramex_esp.png\",\"contentUrl\":\"https:\\\/\\\/www.bramex.de\\\/wp-content\\\/uploads\\\/2021\\\/01\\\/bramex_esp.png\",\"width\":2560,\"height\":689,\"caption\":\"Bramex\"},\"image\":{\"@id\":\"https:\\\/\\\/www.bramex.de\\\/#\\\/schema\\\/logo\\\/image\\\/\"},\"sameAs\":[\"https:\\\/\\\/www.facebook.com\\\/bramexseguros\",\"https:\\\/\\\/www.youtube.com\\\/channel\\\/UC710Tp0JpVJ5pcvVLUO1o9w\",\"https:\\\/\\\/www.instagram.com\\\/bramexalemania\\\/\"]}]}<\/script>\n<!-- \/ Yoast SEO plugin. -->","yoast_head_json":{"title":"Cookies policy","robots":{"index":"noindex","follow":"follow"},"og_locale":"en_US","og_type":"article","og_title":"Cookies policy","og_description":"COOKIES POLICY BRAMEX e.K. uses cookies in order to offer you a better browsing experience that suits your needs, as well as to protect and improve the website. read carefullythis Cookies Policy to learn about the responsible use that BRAMEX e.K. makes of them and about the options you have to configure your browser and ... Leer m\u00e1s","og_url":"https:\/\/www.bramex.de\/en\/cookies-policy\/","og_site_name":"Bramex","article_publisher":"https:\/\/www.facebook.com\/bramexseguros","article_modified_time":"2022-11-04T07:58:18+00:00","og_image":[{"width":2560,"height":689,"url":"https:\/\/www.bramex.de\/wp-content\/uploads\/2021\/01\/bramex_esp.png","type":"image\/png"}],"twitter_card":"summary_large_image","twitter_misc":{"Est. reading time":"4 minutes"},"schema":{"@context":"https:\/\/schema.org","@graph":[{"@type":"WebPage","@id":"https:\/\/www.bramex.de\/en\/cookies-policy\/","url":"https:\/\/www.bramex.de\/en\/cookies-policy\/","name":"Cookies policy","isPartOf":{"@id":"https:\/\/www.bramex.de\/#website"},"datePublished":"2022-11-04T07:55:57+00:00","dateModified":"2022-11-04T07:58:18+00:00","breadcrumb":{"@id":"https:\/\/www.bramex.de\/en\/cookies-policy\/#breadcrumb"},"inLanguage":"en-US","potentialAction":[{"@type":"ReadAction","target":["https:\/\/www.bramex.de\/en\/cookies-policy\/"]}]},{"@type":"BreadcrumbList","@id":"https:\/\/www.bramex.de\/en\/cookies-policy\/#breadcrumb","itemListElement":[{"@type":"ListItem","position":1,"name":"Portada","item":"https:\/\/www.bramex.de\/en\/home-bramex\/"},{"@type":"ListItem","position":2,"name":"Cookies policy"}]},{"@type":"WebSite","@id":"https:\/\/www.bramex.de\/#website","url":"https:\/\/www.bramex.de\/","name":"Bramex","description":"Corredur\u00eda oficial en Alemania","publisher":{"@id":"https:\/\/www.bramex.de\/#organization"},"potentialAction":[{"@type":"SearchAction","target":{"@type":"EntryPoint","urlTemplate":"https:\/\/www.bramex.de\/?s={search_term_string}"},"query-input":{"@type":"PropertyValueSpecification","valueRequired":true,"valueName":"search_term_string"}}],"inLanguage":"en-US"},{"@type":"Organization","@id":"https:\/\/www.bramex.de\/#organization","name":"Bramex","url":"https:\/\/www.bramex.de\/","logo":{"@type":"ImageObject","inLanguage":"en-US","@id":"https:\/\/www.bramex.de\/#\/schema\/logo\/image\/","url":"https:\/\/www.bramex.de\/wp-content\/uploads\/2021\/01\/bramex_esp.png","contentUrl":"https:\/\/www.bramex.de\/wp-content\/uploads\/2021\/01\/bramex_esp.png","width":2560,"height":689,"caption":"Bramex"},"image":{"@id":"https:\/\/www.bramex.de\/#\/schema\/logo\/image\/"},"sameAs":["https:\/\/www.facebook.com\/bramexseguros","https:\/\/www.youtube.com\/channel\/UC710Tp0JpVJ5pcvVLUO1o9w","https:\/\/www.instagram.com\/bramexalemania\/"]}]}},"_links":{"self":[{"href":"https:\/\/www.bramex.de\/en\/wp-json\/wp\/v2\/pages\/23767","targetHints":{"allow":["GET"]}}],"collection":[{"href":"https:\/\/www.bramex.de\/en\/wp-json\/wp\/v2\/pages"}],"about":[{"href":"https:\/\/www.bramex.de\/en\/wp-json\/wp\/v2\/types\/page"}],"author":[{"embeddable":true,"href":"https:\/\/www.bramex.de\/en\/wp-json\/wp\/v2\/users\/4"}],"replies":[{"embeddable":true,"href":"https:\/\/www.bramex.de\/en\/wp-json\/wp\/v2\/comments?post=23767"}],"version-history":[{"count":0,"href":"https:\/\/www.bramex.de\/en\/wp-json\/wp\/v2\/pages\/23767\/revisions"}],"wp:attachment":[{"href":"https:\/\/www.bramex.de\/en\/wp-json\/wp\/v2\/media?parent=23767"}],"curies":[{"name":"wp","href":"https:\/\/api.w.org\/{rel}","templated":true}]}}