{"id":13866,"date":"2021-07-14T12:15:46","date_gmt":"2021-07-14T12:15:46","guid":{"rendered":"https:\/\/www.bramex.de\/en\/?page_id=13866"},"modified":"2022-08-10T09:02:04","modified_gmt":"2022-08-10T08:02:04","slug":"afiliate-partners-insurance-bramex","status":"publish","type":"page","link":"https:\/\/www.bramex.de\/en\/afiliate-partners-insurance-bramex\/","title":{"rendered":"Afiliate Partners of Bramex"},"content":{"rendered":"\t\t<div data-elementor-type=\"wp-page\" data-elementor-id=\"13866\" class=\"elementor elementor-13866 elementor-13844\" data-elementor-post-type=\"page\">\n\t\t\t\t\t\t<section class=\"elementor-section elementor-top-section elementor-element elementor-element-fc0ab31 elementor-section-content-middle elementor-section-boxed elementor-section-height-default elementor-section-height-default\" data-id=\"fc0ab31\" data-element_type=\"section\" data-e-type=\"section\">\n\t\t\t\t\t\t<div class=\"elementor-container elementor-column-gap-no\">\n\t\t\t\t\t<div class=\"elementor-column elementor-col-100 elementor-top-column elementor-element elementor-element-5588dd6\" data-id=\"5588dd6\" data-element_type=\"column\" data-e-type=\"column\">\n\t\t\t<div class=\"elementor-widget-wrap elementor-element-populated\">\n\t\t\t\t\t\t<div class=\"elementor-element elementor-element-09d91f1 elementor-widget elementor-widget-heading\" data-id=\"09d91f1\" data-element_type=\"widget\" data-e-type=\"widget\" data-widget_type=\"heading.default\">\n\t\t\t\t<div class=\"elementor-widget-container\">\n\t\t\t\t\t<h4 class=\"elementor-heading-title elementor-size-default\">Affiliate Partners of Bramex<\/h4>\t\t\t\t<\/div>\n\t\t\t\t<\/div>\n\t\t\t\t<section class=\"elementor-section elementor-inner-section elementor-element elementor-element-e778bfe elementor-section-content-middle elementor-section-boxed elementor-section-height-default elementor-section-height-default\" data-id=\"e778bfe\" data-element_type=\"section\" data-e-type=\"section\">\n\t\t\t\t\t\t<div class=\"elementor-container elementor-column-gap-no\">\n\t\t\t\t\t<div class=\"elementor-column elementor-col-50 elementor-inner-column elementor-element elementor-element-89125fe\" data-id=\"89125fe\" data-element_type=\"column\" data-e-type=\"column\" data-settings=\"{&quot;background_background&quot;:&quot;classic&quot;}\">\n\t\t\t<div class=\"elementor-widget-wrap elementor-element-populated\">\n\t\t\t\t\t\t<div class=\"elementor-element elementor-element-9ba5c90 elementor-position-top elementor-widget elementor-widget-image-box\" data-id=\"9ba5c90\" data-element_type=\"widget\" data-e-type=\"widget\" data-widget_type=\"image-box.default\">\n\t\t\t\t<div class=\"elementor-widget-container\">\n\t\t\t\t\t<div class=\"elementor-image-box-wrapper\"><figure class=\"elementor-image-box-img\"><img fetchpriority=\"high\" decoding=\"async\" width=\"256\" height=\"256\" src=\"https:\/\/www.bramex.de\/wp-content\/uploads\/2021\/02\/doctor.png\" class=\"elementor-animation-grow attachment-full size-full wp-image-8604\" alt=\"Seguro de salud para freelancer en Alemania\" srcset=\"https:\/\/www.bramex.de\/wp-content\/uploads\/2021\/02\/doctor.png 256w, https:\/\/www.bramex.de\/wp-content\/uploads\/2021\/02\/doctor-150x150.png 150w\" sizes=\"(max-width: 256px) 100vw, 256px\" \/><\/figure><div class=\"elementor-image-box-content\"><p class=\"elementor-image-box-description\">TK<br>\nAOK<br>\nBARMER<br>\nDAK<br>\nSBK (Siemens Betriebskrankenkasse)<br>\nHEK<br>\nHKK<br>\nBKK firmus<br>\nIKK<br><\/p><\/div><\/div>\t\t\t\t<\/div>\n\t\t\t\t<\/div>\n\t\t\t\t\t<\/div>\n\t\t<\/div>\n\t\t\t\t<div class=\"elementor-column elementor-col-50 elementor-inner-column elementor-element elementor-element-6074e0f\" data-id=\"6074e0f\" data-element_type=\"column\" data-e-type=\"column\" data-settings=\"{&quot;background_background&quot;:&quot;classic&quot;}\">\n\t\t\t<div class=\"elementor-widget-wrap elementor-element-populated\">\n\t\t\t\t\t\t<div class=\"elementor-element elementor-element-3782204 elementor-position-top elementor-widget elementor-widget-image-box\" data-id=\"3782204\" data-element_type=\"widget\" data-e-type=\"widget\" data-widget_type=\"image-box.default\">\n\t\t\t\t<div class=\"elementor-widget-container\">\n\t\t\t\t\t<div class=\"elementor-image-box-wrapper\"><figure class=\"elementor-image-box-img\"><img decoding=\"async\" width=\"150\" height=\"150\" src=\"https:\/\/www.bramex.de\/wp-content\/uploads\/2021\/02\/doctor-150x150.png\" class=\"elementor-animation-grow attachment-thumbnail size-thumbnail wp-image-8604\" alt=\"Seguro de salud para freelancer en Alemania\" srcset=\"https:\/\/www.bramex.de\/wp-content\/uploads\/2021\/02\/doctor-150x150.png 150w, https:\/\/www.bramex.de\/wp-content\/uploads\/2021\/02\/doctor.png 256w\" sizes=\"(max-width: 150px) 100vw, 150px\" \/><\/figure><div class=\"elementor-image-box-content\"><p class=\"elementor-image-box-description\"><br>Continentale<br>\nHanse Merkur<br>\nUniversa<br>\nArag<br>\nHallesche<br>\nDKV<br><br><br><br><\/p><\/div><\/div>\t\t\t\t<\/div>\n\t\t\t\t<\/div>\n\t\t\t\t\t<\/div>\n\t\t<\/div>\n\t\t\t\t\t<\/div>\n\t\t<\/section>\n\t\t\t\t<section class=\"elementor-section elementor-inner-section elementor-element elementor-element-a73b6d7 elementor-section-content-middle elementor-section-boxed elementor-section-height-default elementor-section-height-default\" data-id=\"a73b6d7\" data-element_type=\"section\" data-e-type=\"section\">\n\t\t\t\t\t\t<div class=\"elementor-container elementor-column-gap-no\">\n\t\t\t\t\t<div class=\"elementor-column elementor-col-50 elementor-inner-column elementor-element elementor-element-8819bf8\" data-id=\"8819bf8\" data-element_type=\"column\" data-e-type=\"column\" data-settings=\"{&quot;background_background&quot;:&quot;classic&quot;}\">\n\t\t\t<div class=\"elementor-widget-wrap elementor-element-populated\">\n\t\t\t\t\t\t<div class=\"elementor-element elementor-element-33118ae elementor-position-top elementor-widget elementor-widget-image-box\" data-id=\"33118ae\" data-element_type=\"widget\" data-e-type=\"widget\" data-widget_type=\"image-box.default\">\n\t\t\t\t<div class=\"elementor-widget-container\">\n\t\t\t\t\t<div class=\"elementor-image-box-wrapper\"><figure class=\"elementor-image-box-img\"><img decoding=\"async\" width=\"256\" height=\"256\" src=\"https:\/\/www.bramex.de\/wp-content\/uploads\/2022\/08\/1.png\" class=\"elementor-animation-grow attachment-full size-full wp-image-20721\" alt=\"\" srcset=\"https:\/\/www.bramex.de\/wp-content\/uploads\/2022\/08\/1.png 256w, https:\/\/www.bramex.de\/wp-content\/uploads\/2022\/08\/1-150x150.png 150w\" sizes=\"(max-width: 256px) 100vw, 256px\" \/><\/figure><div class=\"elementor-image-box-content\"><p class=\"elementor-image-box-description\">Europa<br>\nVHV<br>\nBavaria Direkt<br>\nWGV<br>\nAllianz<br>\nAXA<br>\nN\u00fcrnberger<br>\nR+V<br>\nRhion Digital<br>\nVerti<\/p><\/div><\/div>\t\t\t\t<\/div>\n\t\t\t\t<\/div>\n\t\t\t\t\t<\/div>\n\t\t<\/div>\n\t\t\t\t<div class=\"elementor-column elementor-col-50 elementor-inner-column elementor-element elementor-element-69149bb\" data-id=\"69149bb\" data-element_type=\"column\" data-e-type=\"column\" data-settings=\"{&quot;background_background&quot;:&quot;classic&quot;}\">\n\t\t\t<div class=\"elementor-widget-wrap elementor-element-populated\">\n\t\t\t\t\t\t<div class=\"elementor-element elementor-element-7a55134 elementor-position-top elementor-widget elementor-widget-image-box\" data-id=\"7a55134\" data-element_type=\"widget\" data-e-type=\"widget\" data-widget_type=\"image-box.default\">\n\t\t\t\t<div class=\"elementor-widget-container\">\n\t\t\t\t\t<div class=\"elementor-image-box-wrapper\"><figure class=\"elementor-image-box-img\"><img loading=\"lazy\" decoding=\"async\" width=\"256\" height=\"256\" src=\"https:\/\/www.bramex.de\/wp-content\/uploads\/2022\/08\/2.png\" class=\"elementor-animation-grow attachment-full size-full wp-image-20722\" alt=\"\" srcset=\"https:\/\/www.bramex.de\/wp-content\/uploads\/2022\/08\/2.png 256w, https:\/\/www.bramex.de\/wp-content\/uploads\/2022\/08\/2-150x150.png 150w\" sizes=\"(max-width: 256px) 100vw, 256px\" \/><\/figure><div class=\"elementor-image-box-content\"><p class=\"elementor-image-box-description\">Ammerl\u00e4nder<br>\nS.L.P. AG<br>\npangea life<br>\njanitos<br>\nGothaer<br>\nSdK (S\u00fcddeutsche Krankenversicherung)<br>\nW\u00fcrttembergische<br>\nGenerali<br><\/p><\/div><\/div>\t\t\t\t<\/div>\n\t\t\t\t<\/div>\n\t\t\t\t\t<\/div>\n\t\t<\/div>\n\t\t\t\t\t<\/div>\n\t\t<\/section>\n\t\t\t\t\t<\/div>\n\t\t<\/div>\n\t\t\t\t\t<\/div>\n\t\t<\/section>\n\t\t\t\t<section class=\"elementor-section elementor-top-section elementor-element elementor-element-ee830e4 elementor-section-boxed elementor-section-height-default elementor-section-height-default\" data-id=\"ee830e4\" data-element_type=\"section\" data-e-type=\"section\">\n\t\t\t\t\t\t<div class=\"elementor-container elementor-column-gap-default\">\n\t\t\t\t\t<div class=\"elementor-column elementor-col-100 elementor-top-column elementor-element elementor-element-ce66344\" data-id=\"ce66344\" data-element_type=\"column\" data-e-type=\"column\">\n\t\t\t<div class=\"elementor-widget-wrap elementor-element-populated\">\n\t\t\t\t\t\t<div class=\"elementor-element elementor-element-fa50736 elementor-widget elementor-widget-spacer\" data-id=\"fa50736\" data-element_type=\"widget\" data-e-type=\"widget\" data-widget_type=\"spacer.default\">\n\t\t\t\t<div class=\"elementor-widget-container\">\n\t\t\t\t\t\t\t<div class=\"elementor-spacer\">\n\t\t\t<div class=\"elementor-spacer-inner\"><\/div>\n\t\t<\/div>\n\t\t\t\t\t\t<\/div>\n\t\t\t\t<\/div>\n\t\t\t\t\t<\/div>\n\t\t<\/div>\n\t\t\t\t\t<\/div>\n\t\t<\/section>\n\t\t\t\t<\/div>\n\t\t","protected":false},"excerpt":{"rendered":"<p>Affiliate Partners of Bramex TK AOK BARMER DAK SBK (Siemens Betriebskrankenkasse) HEK HKK BKK firmus IKK Continentale Hanse Merkur Universa Arag Hallesche DKV Europa VHV Bavaria Direkt WGV Allianz AXA N\u00fcrnberger R+V Rhion Digital Verti Ammerl\u00e4nder S.L.P. AG pangea life janitos Gothaer SdK (S\u00fcddeutsche Krankenversicherung) W\u00fcrttembergische Generali<\/p>\n","protected":false},"author":4,"featured_media":0,"parent":0,"menu_order":0,"comment_status":"closed","ping_status":"closed","template":"","meta":{"footnotes":""},"class_list":["post-13866","page","type-page","status-publish"],"yoast_head":"<!-- This site is optimized with the Yoast SEO plugin v27.6 - https:\/\/yoast.com\/product\/yoast-seo-wordpress\/ -->\n<title>Afiliate Partners of Bramex<\/title>\n<meta name=\"robots\" content=\"index, follow, max-snippet:-1, max-image-preview:large, max-video-preview:-1\" \/>\n<link rel=\"canonical\" href=\"https:\/\/www.bramex.de\/en\/afiliate-partners-insurance-bramex\/\" \/>\n<meta property=\"og:locale\" content=\"en_US\" \/>\n<meta property=\"og:type\" content=\"article\" \/>\n<meta property=\"og:title\" content=\"Afiliate Partners of Bramex\" \/>\n<meta property=\"og:description\" content=\"Affiliate Partners of Bramex TK AOK BARMER DAK SBK (Siemens Betriebskrankenkasse) HEK HKK BKK firmus IKK Continentale Hanse Merkur Universa Arag Hallesche DKV Europa VHV Bavaria Direkt WGV Allianz AXA N\u00fcrnberger R+V Rhion Digital Verti Ammerl\u00e4nder S.L.P. AG pangea life janitos Gothaer SdK (S\u00fcddeutsche Krankenversicherung) W\u00fcrttembergische Generali\" \/>\n<meta property=\"og:url\" content=\"https:\/\/www.bramex.de\/en\/afiliate-partners-insurance-bramex\/\" \/>\n<meta property=\"og:site_name\" content=\"Bramex\" \/>\n<meta property=\"article:publisher\" content=\"https:\/\/www.facebook.com\/bramexseguros\" \/>\n<meta property=\"article:modified_time\" content=\"2022-08-10T08:02:04+00:00\" \/>\n<meta property=\"og:image\" content=\"https:\/\/www.bramex.de\/wp-content\/uploads\/2021\/02\/doctor.png\" \/>\n<meta name=\"twitter:card\" content=\"summary_large_image\" \/>\n<meta name=\"twitter:label1\" content=\"Est. reading time\" \/>\n\t<meta name=\"twitter:data1\" content=\"2 minutes\" \/>\n<script type=\"application\/ld+json\" class=\"yoast-schema-graph\">{\"@context\":\"https:\\\/\\\/schema.org\",\"@graph\":[{\"@type\":\"WebPage\",\"@id\":\"https:\\\/\\\/www.bramex.de\\\/en\\\/afiliate-partners-insurance-bramex\\\/\",\"url\":\"https:\\\/\\\/www.bramex.de\\\/en\\\/afiliate-partners-insurance-bramex\\\/\",\"name\":\"Afiliate Partners of Bramex\",\"isPartOf\":{\"@id\":\"https:\\\/\\\/www.bramex.de\\\/en\\\/#website\"},\"primaryImageOfPage\":{\"@id\":\"https:\\\/\\\/www.bramex.de\\\/en\\\/afiliate-partners-insurance-bramex\\\/#primaryimage\"},\"image\":{\"@id\":\"https:\\\/\\\/www.bramex.de\\\/en\\\/afiliate-partners-insurance-bramex\\\/#primaryimage\"},\"thumbnailUrl\":\"https:\\\/\\\/www.bramex.de\\\/wp-content\\\/uploads\\\/2021\\\/02\\\/doctor.png\",\"datePublished\":\"2021-07-14T12:15:46+00:00\",\"dateModified\":\"2022-08-10T08:02:04+00:00\",\"breadcrumb\":{\"@id\":\"https:\\\/\\\/www.bramex.de\\\/en\\\/afiliate-partners-insurance-bramex\\\/#breadcrumb\"},\"inLanguage\":\"en-US\",\"potentialAction\":[{\"@type\":\"ReadAction\",\"target\":[\"https:\\\/\\\/www.bramex.de\\\/en\\\/afiliate-partners-insurance-bramex\\\/\"]}]},{\"@type\":\"ImageObject\",\"inLanguage\":\"en-US\",\"@id\":\"https:\\\/\\\/www.bramex.de\\\/en\\\/afiliate-partners-insurance-bramex\\\/#primaryimage\",\"url\":\"https:\\\/\\\/www.bramex.de\\\/wp-content\\\/uploads\\\/2021\\\/02\\\/doctor.png\",\"contentUrl\":\"https:\\\/\\\/www.bramex.de\\\/wp-content\\\/uploads\\\/2021\\\/02\\\/doctor.png\"},{\"@type\":\"BreadcrumbList\",\"@id\":\"https:\\\/\\\/www.bramex.de\\\/en\\\/afiliate-partners-insurance-bramex\\\/#breadcrumb\",\"itemListElement\":[{\"@type\":\"ListItem\",\"position\":1,\"name\":\"Portada\",\"item\":\"https:\\\/\\\/www.bramex.de\\\/en\\\/\"},{\"@type\":\"ListItem\",\"position\":2,\"name\":\"Afiliate Partners of Bramex\"}]},{\"@type\":\"WebSite\",\"@id\":\"https:\\\/\\\/www.bramex.de\\\/en\\\/#website\",\"url\":\"https:\\\/\\\/www.bramex.de\\\/en\\\/\",\"name\":\"Bramex\",\"description\":\"Corredur\u00eda oficial en Alemania\",\"publisher\":{\"@id\":\"https:\\\/\\\/www.bramex.de\\\/en\\\/#organization\"},\"potentialAction\":[{\"@type\":\"SearchAction\",\"target\":{\"@type\":\"EntryPoint\",\"urlTemplate\":\"https:\\\/\\\/www.bramex.de\\\/en\\\/?s={search_term_string}\"},\"query-input\":{\"@type\":\"PropertyValueSpecification\",\"valueRequired\":true,\"valueName\":\"search_term_string\"}}],\"inLanguage\":\"en-US\"},{\"@type\":\"Organization\",\"@id\":\"https:\\\/\\\/www.bramex.de\\\/en\\\/#organization\",\"name\":\"Bramex\",\"url\":\"https:\\\/\\\/www.bramex.de\\\/en\\\/\",\"logo\":{\"@type\":\"ImageObject\",\"inLanguage\":\"en-US\",\"@id\":\"https:\\\/\\\/www.bramex.de\\\/en\\\/#\\\/schema\\\/logo\\\/image\\\/\",\"url\":\"https:\\\/\\\/www.bramex.de\\\/wp-content\\\/uploads\\\/2021\\\/01\\\/bramex_esp.png\",\"contentUrl\":\"https:\\\/\\\/www.bramex.de\\\/wp-content\\\/uploads\\\/2021\\\/01\\\/bramex_esp.png\",\"width\":2560,\"height\":689,\"caption\":\"Bramex\"},\"image\":{\"@id\":\"https:\\\/\\\/www.bramex.de\\\/en\\\/#\\\/schema\\\/logo\\\/image\\\/\"},\"sameAs\":[\"https:\\\/\\\/www.facebook.com\\\/bramexseguros\",\"https:\\\/\\\/www.youtube.com\\\/channel\\\/UC710Tp0JpVJ5pcvVLUO1o9w\",\"https:\\\/\\\/www.instagram.com\\\/bramexalemania\\\/\"]}]}<\/script>\n<!-- \/ Yoast SEO plugin. -->","yoast_head_json":{"title":"Afiliate Partners of Bramex","robots":{"index":"index","follow":"follow","max-snippet":"max-snippet:-1","max-image-preview":"max-image-preview:large","max-video-preview":"max-video-preview:-1"},"canonical":"https:\/\/www.bramex.de\/en\/afiliate-partners-insurance-bramex\/","og_locale":"en_US","og_type":"article","og_title":"Afiliate Partners of Bramex","og_description":"Affiliate Partners of Bramex TK AOK BARMER DAK SBK (Siemens Betriebskrankenkasse) HEK HKK BKK firmus IKK Continentale Hanse Merkur Universa Arag Hallesche DKV Europa VHV Bavaria Direkt WGV Allianz AXA N\u00fcrnberger R+V Rhion Digital Verti Ammerl\u00e4nder S.L.P. AG pangea life janitos Gothaer SdK (S\u00fcddeutsche Krankenversicherung) W\u00fcrttembergische Generali","og_url":"https:\/\/www.bramex.de\/en\/afiliate-partners-insurance-bramex\/","og_site_name":"Bramex","article_publisher":"https:\/\/www.facebook.com\/bramexseguros","article_modified_time":"2022-08-10T08:02:04+00:00","og_image":[{"url":"https:\/\/www.bramex.de\/wp-content\/uploads\/2021\/02\/doctor.png","type":"","width":"","height":""}],"twitter_card":"summary_large_image","twitter_misc":{"Est. reading time":"2 minutes"},"schema":{"@context":"https:\/\/schema.org","@graph":[{"@type":"WebPage","@id":"https:\/\/www.bramex.de\/en\/afiliate-partners-insurance-bramex\/","url":"https:\/\/www.bramex.de\/en\/afiliate-partners-insurance-bramex\/","name":"Afiliate Partners of Bramex","isPartOf":{"@id":"https:\/\/www.bramex.de\/en\/#website"},"primaryImageOfPage":{"@id":"https:\/\/www.bramex.de\/en\/afiliate-partners-insurance-bramex\/#primaryimage"},"image":{"@id":"https:\/\/www.bramex.de\/en\/afiliate-partners-insurance-bramex\/#primaryimage"},"thumbnailUrl":"https:\/\/www.bramex.de\/wp-content\/uploads\/2021\/02\/doctor.png","datePublished":"2021-07-14T12:15:46+00:00","dateModified":"2022-08-10T08:02:04+00:00","breadcrumb":{"@id":"https:\/\/www.bramex.de\/en\/afiliate-partners-insurance-bramex\/#breadcrumb"},"inLanguage":"en-US","potentialAction":[{"@type":"ReadAction","target":["https:\/\/www.bramex.de\/en\/afiliate-partners-insurance-bramex\/"]}]},{"@type":"ImageObject","inLanguage":"en-US","@id":"https:\/\/www.bramex.de\/en\/afiliate-partners-insurance-bramex\/#primaryimage","url":"https:\/\/www.bramex.de\/wp-content\/uploads\/2021\/02\/doctor.png","contentUrl":"https:\/\/www.bramex.de\/wp-content\/uploads\/2021\/02\/doctor.png"},{"@type":"BreadcrumbList","@id":"https:\/\/www.bramex.de\/en\/afiliate-partners-insurance-bramex\/#breadcrumb","itemListElement":[{"@type":"ListItem","position":1,"name":"Portada","item":"https:\/\/www.bramex.de\/en\/"},{"@type":"ListItem","position":2,"name":"Afiliate Partners of Bramex"}]},{"@type":"WebSite","@id":"https:\/\/www.bramex.de\/en\/#website","url":"https:\/\/www.bramex.de\/en\/","name":"Bramex","description":"Corredur\u00eda oficial en Alemania","publisher":{"@id":"https:\/\/www.bramex.de\/en\/#organization"},"potentialAction":[{"@type":"SearchAction","target":{"@type":"EntryPoint","urlTemplate":"https:\/\/www.bramex.de\/en\/?s={search_term_string}"},"query-input":{"@type":"PropertyValueSpecification","valueRequired":true,"valueName":"search_term_string"}}],"inLanguage":"en-US"},{"@type":"Organization","@id":"https:\/\/www.bramex.de\/en\/#organization","name":"Bramex","url":"https:\/\/www.bramex.de\/en\/","logo":{"@type":"ImageObject","inLanguage":"en-US","@id":"https:\/\/www.bramex.de\/en\/#\/schema\/logo\/image\/","url":"https:\/\/www.bramex.de\/wp-content\/uploads\/2021\/01\/bramex_esp.png","contentUrl":"https:\/\/www.bramex.de\/wp-content\/uploads\/2021\/01\/bramex_esp.png","width":2560,"height":689,"caption":"Bramex"},"image":{"@id":"https:\/\/www.bramex.de\/en\/#\/schema\/logo\/image\/"},"sameAs":["https:\/\/www.facebook.com\/bramexseguros","https:\/\/www.youtube.com\/channel\/UC710Tp0JpVJ5pcvVLUO1o9w","https:\/\/www.instagram.com\/bramexalemania\/"]}]}},"_links":{"self":[{"href":"https:\/\/www.bramex.de\/en\/wp-json\/wp\/v2\/pages\/13866","targetHints":{"allow":["GET"]}}],"collection":[{"href":"https:\/\/www.bramex.de\/en\/wp-json\/wp\/v2\/pages"}],"about":[{"href":"https:\/\/www.bramex.de\/en\/wp-json\/wp\/v2\/types\/page"}],"author":[{"embeddable":true,"href":"https:\/\/www.bramex.de\/en\/wp-json\/wp\/v2\/users\/4"}],"replies":[{"embeddable":true,"href":"https:\/\/www.bramex.de\/en\/wp-json\/wp\/v2\/comments?post=13866"}],"version-history":[{"count":0,"href":"https:\/\/www.bramex.de\/en\/wp-json\/wp\/v2\/pages\/13866\/revisions"}],"wp:attachment":[{"href":"https:\/\/www.bramex.de\/en\/wp-json\/wp\/v2\/media?parent=13866"}],"curies":[{"name":"wp","href":"https:\/\/api.w.org\/{rel}","templated":true}]}}