{"id":31937,"date":"2024-04-17T14:42:19","date_gmt":"2024-04-17T13:42:19","guid":{"rendered":"https:\/\/www.bramex.de\/de\/?page_id=31937"},"modified":"2024-06-10T08:05:32","modified_gmt":"2024-06-10T07:05:32","slug":"cookie-richtlinie","status":"publish","type":"page","link":"https:\/\/www.bramex.de\/de\/cookie-richtlinie\/","title":{"rendered":"COOKIE-RICHTLINIE"},"content":{"rendered":"<h2>COOKIE-RICHTLINIE<\/h2>\n<p>BRAMEX e.K. verwendet Cookies, um Ihnen ein besseres Navigationserlebnis zu bieten, das Ihren Bed\u00fcrfnissen entspricht, sowie zur Sicherung und Verbesserung der Website. Bitte lesen Sie diese Cookie-Richtlinie sorgf\u00e4ltig durch, um sich \u00fcber den verantwortungsvollen Umgang von BRAMEX e.K. mit Cookies zu informieren und \u00fcber Ihre Optionen, wie Sie Ihre Browsereinstellungen anpassen und die Verwaltung dieser Cookies durchf\u00fchren k\u00f6nnen.<\/p>\n<h3>Was sind Cookies?<\/h3>\n<p>Cookies sind kleine Datendateien, die auf Ihrem Computer generiert werden und es uns erm\u00f6glichen, Ihre Besuchsh\u00e4ufigkeit, die am h\u00e4ufigsten ausgew\u00e4hlten Inhalte und die Sicherheitselemente, die beim Zugriffskontroll auf beschr\u00e4nkte Bereiche eingreifen k\u00f6nnen, zu erkennen, sowie Werbung basierend auf von BRAMEX e.K. vordefinierten Kriterien anzuzeigen, die durch Cookies von dieser Entit\u00e4t oder von Dritten, die diese Dienste im Auftrag von BRAMEX e.K. erbringen, aktiviert werden.<\/p>\n<h3>Allgemein gibt es folgende Arten von Cookies:<\/h3>\n<p><strong>Nach ihrer Laufzeit:<\/strong><\/p>\n<p>&#8211; Session-Cookies: Verfallen am Ende der Sitzung.<br \/>&#8211; Persistente Cookies: Verfallen nicht am Ende der Sitzung.<\/p>\n<p><strong>Nach ihrer Herkunft:<\/strong><\/p>\n<p>&#8211; Eigene Cookies: Vom besuchten Website aktiviert.<br \/>&#8211; Drittanbieter-Cookies: Stammt von anderen Websites.<\/p>\n<p><strong>Nach ihrem Zweck:<\/strong><br \/>&#8211; Technische Cookies: Erm\u00f6glichen die Navigation und Nutzung verschiedener Dienste.<br \/>&#8211; Personalisierungs-Cookies: Erm\u00f6glichen den Zugang zum Dienst mit vordefinierten Merkmalen.<br \/>&#8211; Analytische Cookies: Erm\u00f6glichen das Tracking und die Analyse des Benutzerverhaltens.<br \/>&#8211; Werbe-Cookies: Erm\u00f6glichen die Verwaltung von Werbefl\u00e4chen.<br \/>&#8211; Verhaltensorientierte Werbe-Cookies: Speichern Informationen \u00fcber das Verhalten der Nutzer.<\/p>\n<h3>Welche Arten von Cookies verwenden wir und zu welchen Zwecken?<\/h3>\n<p>Auf dieser Website werden folgende Arten von Cookies zu den unten angegebenen Zwecken verwendet:<br \/><strong>&#8211; Analytische Cookies:<\/strong> Sie werden verwendet, um Statistiken \u00fcber die Aktivit\u00e4t der Benutzer zu sammeln. Unter anderem werden die Anzahl der Besucher der Website, die Anzahl der besuchten Seiten sowie die Aktivit\u00e4t der Benutzer auf der Website und ihre Nutzungsh\u00e4ufigkeit analysiert.<br \/><strong>&#8211; Authentifizierungs-Cookies:<\/strong> Werden verwendet, um die Sitzung des Benutzers w\u00e4hrend jedes Besuchs aufrechtzuerhalten, insbesondere in privaten Bereichen der Website, die einen Benutzernamen und ein Passwort f\u00fcr den Zugang erfordern.<br \/><strong>&#8211; Cookies von sozialen Netzwerken:<\/strong> Erm\u00f6glichen es dem Benutzer, Inhalte, die ihn interessieren, \u00fcber die entsprechende Schaltfl\u00e4che (Plug-in), die auf der Website eingef\u00fcgt ist, in einem sozialen Netzwerk zu teilen.<br \/><strong>&#8211; Cookies von externen Content-Plugins:<\/strong> Notwendig f\u00fcr die Bereitstellung bestimmter Dienste und werden von Dritten gespeichert.<br \/><strong>&#8211; Drittanbieter-Cookies zur Personalisierung von Werbefl\u00e4chen:<\/strong> Verwalten die Werbefl\u00e4chen, die Benutzer beim Zugriff auf die Website sehen, und werden von Dritten gespeichert.<\/p>\n<h3>Wer hat Zugriff auf die Informationen der Cookies?<\/h3>\n<p>Die in den Cookies gespeicherten Informationen werden ausschlie\u00dflich von BRAMEX e.K. verwendet.<\/p>\n<h3>K\u00f6nnen die Cookies deaktiviert werden?<\/h3>\n<p>Abgesehen von analytischen Cookies hat die Verwendung von Cookies Auswirkungen auf die Privatsph\u00e4re der Benutzer, da sie im Allgemeinen die Verkn\u00fcpfung ihres Inhalts mit der IP-Verbindungsadresse und anderen pers\u00f6nlichen Daten des Benutzers, wie freiwillig bereitgestellten Daten, erm\u00f6glichen kann.<br \/>Durch die Annahme dieser Datenschutz- und Cookie-Richtlinie willigt der Benutzer in die Erzeugung von Cookies f\u00fcr die oben genannten Zwecke ein.<br \/>Sollte der Benutzer sp\u00e4ter die auf seinem Computer gespeicherten Cookies l\u00f6schen wollen, die seine<\/p>\n<p>Zustimmung erfordern, kann er dies tun, indem er die Tools verwendet, die sein Browser zu diesem Zweck bereitstellt. Abh\u00e4ngig von Ihrem Browser finden Sie hier die Verfahren zur Deaktivierung von Cookies:<br \/>&#8211; Firefox: http:\/\/support.mozilla.org\/de\/kb\/cookies-erlauben-und-ablehnen<br \/>&#8211; Internet Explorer: http:\/\/windows.microsoft.com\/de-de\/internet-explorer\/delete-manage-cookies<br \/>&#8211; Chrome: http:\/\/support.google.com\/chrome\/bin\/answer.py?hl=de&amp;answer=95647<br \/>&#8211; Safari: http:\/\/support.apple.com\/kb\/HT1677?viewlocale=de_DE<br \/>&#8211; Opera: http:\/\/help.opera.com\/Windows\/10.20\/de\/cookies.html<\/p>\n<p>Wenn der Benutzer Cookies nicht akzeptiert oder sie sp\u00e4ter ablehnt, k\u00f6nnen die Funktionen der Website beeintr\u00e4chtigt werden.<\/p>\n<h3>\u00c4nderungen und Aktualisierungen der Cookie-Richtlinie<\/h3>\n<p>BRAMEX e.K. und verbundene Unternehmen k\u00f6nnen diese Cookie-Richtlinie \u00e4ndern, um gesetzlichen Anforderungen, Vorschriften zu entsprechen oder um die Politik an Anweisungen und Empfehlungen der Regulierungsbeh\u00f6rden anzupassen. Daher wird empfohlen, diese Cookie-Richtlinie regelm\u00e4\u00dfig zu \u00fcberpr\u00fcfen.<\/p>\n","protected":false},"excerpt":{"rendered":"<p>COOKIE-RICHTLINIE BRAMEX e.K. verwendet Cookies, um Ihnen ein besseres Navigationserlebnis zu bieten, das Ihren Bed\u00fcrfnissen entspricht, sowie zur Sicherung und Verbesserung der Website. Bitte lesen Sie diese Cookie-Richtlinie sorgf\u00e4ltig durch, um sich \u00fcber den verantwortungsvollen Umgang von BRAMEX e.K. mit Cookies zu informieren und \u00fcber Ihre Optionen, wie Sie Ihre Browsereinstellungen anpassen und die Verwaltung &#8230; <a title=\"COOKIE-RICHTLINIE\" class=\"read-more\" href=\"https:\/\/www.bramex.de\/de\/cookie-richtlinie\/\" aria-label=\"Mehr Informationen \u00fcber COOKIE-RICHTLINIE\">Weiterlesen<\/a><\/p>\n","protected":false},"author":4,"featured_media":0,"parent":0,"menu_order":0,"comment_status":"closed","ping_status":"closed","template":"","meta":{"footnotes":""},"class_list":["post-31937","page","type-page","status-publish"],"yoast_head":"<!-- This site is optimized with the Yoast SEO plugin v27.4 - https:\/\/yoast.com\/product\/yoast-seo-wordpress\/ -->\n<title>COOKIE-RICHTLINIE<\/title>\n<meta name=\"robots\" content=\"noindex, follow\" \/>\n<meta property=\"og:locale\" content=\"de_DE\" \/>\n<meta property=\"og:type\" content=\"article\" \/>\n<meta property=\"og:title\" content=\"COOKIE-RICHTLINIE\" \/>\n<meta property=\"og:description\" content=\"COOKIE-RICHTLINIE BRAMEX e.K. verwendet Cookies, um Ihnen ein besseres Navigationserlebnis zu bieten, das Ihren Bed\u00fcrfnissen entspricht, sowie zur Sicherung und Verbesserung der Website. Bitte lesen Sie diese Cookie-Richtlinie sorgf\u00e4ltig durch, um sich \u00fcber den verantwortungsvollen Umgang von BRAMEX e.K. mit Cookies zu informieren und \u00fcber Ihre Optionen, wie Sie Ihre Browsereinstellungen anpassen und die Verwaltung ... Weiterlesen\" \/>\n<meta property=\"og:url\" content=\"https:\/\/www.bramex.de\/de\/cookie-richtlinie\/\" \/>\n<meta property=\"og:site_name\" content=\"Bramex\" \/>\n<meta property=\"article:publisher\" content=\"https:\/\/www.facebook.com\/bramexseguros\" \/>\n<meta property=\"article:modified_time\" content=\"2024-06-10T07:05:32+00:00\" \/>\n<meta property=\"og:image\" content=\"https:\/\/www.bramex.de\/wp-content\/uploads\/2021\/01\/bramex_esp.png\" \/>\n\t<meta property=\"og:image:width\" content=\"2560\" \/>\n\t<meta property=\"og:image:height\" content=\"689\" \/>\n\t<meta property=\"og:image:type\" content=\"image\/png\" \/>\n<meta name=\"twitter:card\" content=\"summary_large_image\" \/>\n<meta name=\"twitter:label1\" content=\"Gesch\u00e4tzte Lesezeit\" \/>\n\t<meta name=\"twitter:data1\" content=\"3\u00a0Minuten\" \/>\n<script type=\"application\/ld+json\" class=\"yoast-schema-graph\">{\"@context\":\"https:\\\/\\\/schema.org\",\"@graph\":[{\"@type\":\"WebPage\",\"@id\":\"https:\\\/\\\/www.bramex.de\\\/de\\\/cookie-richtlinie\\\/\",\"url\":\"https:\\\/\\\/www.bramex.de\\\/de\\\/cookie-richtlinie\\\/\",\"name\":\"COOKIE-RICHTLINIE\",\"isPartOf\":{\"@id\":\"https:\\\/\\\/www.bramex.de\\\/#website\"},\"datePublished\":\"2024-04-17T13:42:19+00:00\",\"dateModified\":\"2024-06-10T07:05:32+00:00\",\"breadcrumb\":{\"@id\":\"https:\\\/\\\/www.bramex.de\\\/de\\\/cookie-richtlinie\\\/#breadcrumb\"},\"inLanguage\":\"de\",\"potentialAction\":[{\"@type\":\"ReadAction\",\"target\":[\"https:\\\/\\\/www.bramex.de\\\/de\\\/cookie-richtlinie\\\/\"]}]},{\"@type\":\"BreadcrumbList\",\"@id\":\"https:\\\/\\\/www.bramex.de\\\/de\\\/cookie-richtlinie\\\/#breadcrumb\",\"itemListElement\":[{\"@type\":\"ListItem\",\"position\":1,\"name\":\"Portada\",\"item\":\"https:\\\/\\\/www.bramex.de\\\/de\\\/versicherungsberater\\\/\"},{\"@type\":\"ListItem\",\"position\":2,\"name\":\"COOKIE-RICHTLINIE\"}]},{\"@type\":\"WebSite\",\"@id\":\"https:\\\/\\\/www.bramex.de\\\/#website\",\"url\":\"https:\\\/\\\/www.bramex.de\\\/\",\"name\":\"Bramex\",\"description\":\"Corredur\u00eda oficial en Alemania\",\"publisher\":{\"@id\":\"https:\\\/\\\/www.bramex.de\\\/#organization\"},\"potentialAction\":[{\"@type\":\"SearchAction\",\"target\":{\"@type\":\"EntryPoint\",\"urlTemplate\":\"https:\\\/\\\/www.bramex.de\\\/?s={search_term_string}\"},\"query-input\":{\"@type\":\"PropertyValueSpecification\",\"valueRequired\":true,\"valueName\":\"search_term_string\"}}],\"inLanguage\":\"de\"},{\"@type\":\"Organization\",\"@id\":\"https:\\\/\\\/www.bramex.de\\\/#organization\",\"name\":\"Bramex\",\"url\":\"https:\\\/\\\/www.bramex.de\\\/\",\"logo\":{\"@type\":\"ImageObject\",\"inLanguage\":\"de\",\"@id\":\"https:\\\/\\\/www.bramex.de\\\/#\\\/schema\\\/logo\\\/image\\\/\",\"url\":\"https:\\\/\\\/www.bramex.de\\\/wp-content\\\/uploads\\\/2021\\\/01\\\/bramex_esp.png\",\"contentUrl\":\"https:\\\/\\\/www.bramex.de\\\/wp-content\\\/uploads\\\/2021\\\/01\\\/bramex_esp.png\",\"width\":2560,\"height\":689,\"caption\":\"Bramex\"},\"image\":{\"@id\":\"https:\\\/\\\/www.bramex.de\\\/#\\\/schema\\\/logo\\\/image\\\/\"},\"sameAs\":[\"https:\\\/\\\/www.facebook.com\\\/bramexseguros\",\"https:\\\/\\\/www.youtube.com\\\/channel\\\/UC710Tp0JpVJ5pcvVLUO1o9w\",\"https:\\\/\\\/www.instagram.com\\\/bramexalemania\\\/\"]}]}<\/script>\n<!-- \/ Yoast SEO plugin. -->","yoast_head_json":{"title":"COOKIE-RICHTLINIE","robots":{"index":"noindex","follow":"follow"},"og_locale":"de_DE","og_type":"article","og_title":"COOKIE-RICHTLINIE","og_description":"COOKIE-RICHTLINIE BRAMEX e.K. verwendet Cookies, um Ihnen ein besseres Navigationserlebnis zu bieten, das Ihren Bed\u00fcrfnissen entspricht, sowie zur Sicherung und Verbesserung der Website. Bitte lesen Sie diese Cookie-Richtlinie sorgf\u00e4ltig durch, um sich \u00fcber den verantwortungsvollen Umgang von BRAMEX e.K. mit Cookies zu informieren und \u00fcber Ihre Optionen, wie Sie Ihre Browsereinstellungen anpassen und die Verwaltung ... Weiterlesen","og_url":"https:\/\/www.bramex.de\/de\/cookie-richtlinie\/","og_site_name":"Bramex","article_publisher":"https:\/\/www.facebook.com\/bramexseguros","article_modified_time":"2024-06-10T07:05:32+00:00","og_image":[{"width":2560,"height":689,"url":"https:\/\/www.bramex.de\/wp-content\/uploads\/2021\/01\/bramex_esp.png","type":"image\/png"}],"twitter_card":"summary_large_image","twitter_misc":{"Gesch\u00e4tzte Lesezeit":"3\u00a0Minuten"},"schema":{"@context":"https:\/\/schema.org","@graph":[{"@type":"WebPage","@id":"https:\/\/www.bramex.de\/de\/cookie-richtlinie\/","url":"https:\/\/www.bramex.de\/de\/cookie-richtlinie\/","name":"COOKIE-RICHTLINIE","isPartOf":{"@id":"https:\/\/www.bramex.de\/#website"},"datePublished":"2024-04-17T13:42:19+00:00","dateModified":"2024-06-10T07:05:32+00:00","breadcrumb":{"@id":"https:\/\/www.bramex.de\/de\/cookie-richtlinie\/#breadcrumb"},"inLanguage":"de","potentialAction":[{"@type":"ReadAction","target":["https:\/\/www.bramex.de\/de\/cookie-richtlinie\/"]}]},{"@type":"BreadcrumbList","@id":"https:\/\/www.bramex.de\/de\/cookie-richtlinie\/#breadcrumb","itemListElement":[{"@type":"ListItem","position":1,"name":"Portada","item":"https:\/\/www.bramex.de\/de\/versicherungsberater\/"},{"@type":"ListItem","position":2,"name":"COOKIE-RICHTLINIE"}]},{"@type":"WebSite","@id":"https:\/\/www.bramex.de\/#website","url":"https:\/\/www.bramex.de\/","name":"Bramex","description":"Corredur\u00eda oficial en Alemania","publisher":{"@id":"https:\/\/www.bramex.de\/#organization"},"potentialAction":[{"@type":"SearchAction","target":{"@type":"EntryPoint","urlTemplate":"https:\/\/www.bramex.de\/?s={search_term_string}"},"query-input":{"@type":"PropertyValueSpecification","valueRequired":true,"valueName":"search_term_string"}}],"inLanguage":"de"},{"@type":"Organization","@id":"https:\/\/www.bramex.de\/#organization","name":"Bramex","url":"https:\/\/www.bramex.de\/","logo":{"@type":"ImageObject","inLanguage":"de","@id":"https:\/\/www.bramex.de\/#\/schema\/logo\/image\/","url":"https:\/\/www.bramex.de\/wp-content\/uploads\/2021\/01\/bramex_esp.png","contentUrl":"https:\/\/www.bramex.de\/wp-content\/uploads\/2021\/01\/bramex_esp.png","width":2560,"height":689,"caption":"Bramex"},"image":{"@id":"https:\/\/www.bramex.de\/#\/schema\/logo\/image\/"},"sameAs":["https:\/\/www.facebook.com\/bramexseguros","https:\/\/www.youtube.com\/channel\/UC710Tp0JpVJ5pcvVLUO1o9w","https:\/\/www.instagram.com\/bramexalemania\/"]}]}},"_links":{"self":[{"href":"https:\/\/www.bramex.de\/de\/wp-json\/wp\/v2\/pages\/31937","targetHints":{"allow":["GET"]}}],"collection":[{"href":"https:\/\/www.bramex.de\/de\/wp-json\/wp\/v2\/pages"}],"about":[{"href":"https:\/\/www.bramex.de\/de\/wp-json\/wp\/v2\/types\/page"}],"author":[{"embeddable":true,"href":"https:\/\/www.bramex.de\/de\/wp-json\/wp\/v2\/users\/4"}],"replies":[{"embeddable":true,"href":"https:\/\/www.bramex.de\/de\/wp-json\/wp\/v2\/comments?post=31937"}],"version-history":[{"count":0,"href":"https:\/\/www.bramex.de\/de\/wp-json\/wp\/v2\/pages\/31937\/revisions"}],"wp:attachment":[{"href":"https:\/\/www.bramex.de\/de\/wp-json\/wp\/v2\/media?parent=31937"}],"curies":[{"name":"wp","href":"https:\/\/api.w.org\/{rel}","templated":true}]}}