{"id":31532,"date":"2024-04-10T23:31:48","date_gmt":"2024-04-10T22:31:48","guid":{"rendered":"https:\/\/www.bramex.de\/de\/?page_id=31532"},"modified":"2026-03-28T23:57:09","modified_gmt":"2026-03-28T22:57:09","slug":"versicherungsberater","status":"publish","type":"page","link":"https:\/\/www.bramex.de\/de\/","title":{"rendered":"Versicherungsberater in Deutschland"},"content":{"rendered":"\t\t<div data-elementor-type=\"wp-page\" data-elementor-id=\"31532\" class=\"elementor elementor-31532\" data-elementor-post-type=\"page\">\n\t\t\t\t<div class=\"elementor-element elementor-element-1a3e3b1 e-con-full e-flex e-con e-parent\" data-id=\"1a3e3b1\" data-element_type=\"container\" data-e-type=\"container\">\n\t\t\t\t<div class=\"elementor-element elementor-element-14bd7db elementor-widget elementor-widget-html\" data-id=\"14bd7db\" data-element_type=\"widget\" data-e-type=\"widget\" data-widget_type=\"html.default\">\n\t\t\t\t<div class=\"elementor-widget-container\">\n\t\t\t\t\t<section class=\"brxde-v4\" lang=\"de\">\n\n  <!-- HERO -->\n  <section class=\"brxde-hero\">\n    <div class=\"brxde-wrap\">\n      <div class=\"brxde-hero-grid\">\n        <div class=\"brxde-hero-copy\">\n          <div class=\"brxde-hero-badge\">BRAMEX<\/div>\n          <h1 class=\"brxde-h1\">Ihr Zuhause optimal gesch\u00fctzt<\/h1>\n          <p class=\"brxde-hero-sub\">Als Eigenheim- & Immobilienbesitzer m\u00f6chten Sie sicher sein, dass Ihr Objekt gegen diverse Gefahren gesch\u00fctz ist.<\/p>\n          <div class=\"brxde-hero-actions\">\n            <a class=\"brxde-btn\" href=\"https:\/\/www.bramex.de\/de\/wohngebaudeversicherung\/\">Wohngeb\u00e4udeversicherung<\/a>\n          <\/div>\n        <\/div>\n\n        <div class=\"brxde-hero-media\">\n          <img decoding=\"async\" src=\"https:\/\/www.bramex.de\/wp-content\/uploads\/2024\/04\/Versicherungsberater.png\" alt=\"Versicherungsberater\" loading=\"eager\">\n        <\/div>\n      <\/div>\n    <\/div>\n  <\/section>\n\n  <!-- ABOUT -->\n  <section class=\"brxde-section\">\n    <div class=\"brxde-wrap\">\n      <div class=\"brxde-about-grid\">\n        <div class=\"brxde-about-box\">\n          <div class=\"brxde-pill\">Unabh\u00e4ngig & pers\u00f6nlich<\/div>\n          <h2 class=\"brxde-h2\">Wer wir sind und was wir <b>machen?<\/b><\/h2>\n\n          <div class=\"brxde-text brxde-about-text\">\n            <p>Wir sind ein unabh\u00e4ngiger Versicherungsmakler und arbeiten \u00fcberregional.<\/p>\n            <p>Unser Service beinhalten die kostenlose Beratung bei Versicherungsfragen mit anschlie\u00dfender Anbieterauswahl und Vertragsabschluss. W\u00e4hrend der Vertragslaufzeit sind wir Ansprechpartner f\u00fcr unsere Kunden bei Vertrags\u00e4nderungen und Leistungsantr\u00e4gen.<\/p>\n          <\/div>\n\n          <a class=\"brxde-btn\" href=\"https:\/\/www.bramex.de\/de\/versicherungsspezialisten-in-deutschland\/\">M\u00f6chten Sie uns besser kennenlernen?<\/a>\n        <\/div>\n\n        <div class=\"brxde-profile-card\">\n          <div class=\"brxde-profile-card__image-wrap\">\n            <img decoding=\"async\" src=\"https:\/\/www.bramex.de\/wp-content\/uploads\/2024\/04\/versicherungen-in-deutschland.png\" alt=\"Versicherungen in Deutschland\" loading=\"lazy\">\n          <\/div>\n          <h3>Versicherungen in Deutschland<\/h3>\n          <p>Unabh\u00e4ngige Versicherungsexperten f\u00fcr Ihre Sicherheit. Ma\u00dfgeschneiderte L\u00f6sungen und umfassender Schutz f\u00fcr Ihr Zuhause, Ihre Gesundheit und Ihr Leben.<\/p>\n        <\/div>\n      <\/div>\n    <\/div>\n  <\/section>\n\n  <!-- PRODUKTBERATUNG -->\n  <section class=\"brxde-section brxde-services\">\n    <div class=\"brxde-wrap\">\n      <div class=\"brxde-center-head\">\n        <div class=\"brxde-pill\">Individuelle L\u00f6sungen<\/div>\n        <h2 class=\"brxde-h2\">Produktberatung<\/h2>\n      <\/div>\n\n      <div class=\"brxde-card-grid\">\n        <article class=\"brxde-card\">\n          <div class=\"brxde-card-media\">\n            <img decoding=\"async\" src=\"https:\/\/www.bramex.de\/wp-content\/uploads\/2024\/04\/private-Krankenversicherung-1.png\" alt=\"private Krankenversicherung\" loading=\"lazy\">\n          <\/div>\n          <div class=\"brxde-card-body\">\n            <h3 class=\"brxde-h3\">Private Krankenversicherung<\/h3>\n            <p>Die Versicherung mit starken Leistungen im Krankheitsfall. Anwendung neuester Behandlungsmethoden. Die Garantie f\u00fcr schnelle Termine beim Facharzt.<\/p>\n            <a class=\"brxde-link\" href=\"https:\/\/www.bramex.de\/de\/private-krankenversicherung\/\">Weitere Informationen<\/a>\n          <\/div>\n        <\/article>\n\n        <article class=\"brxde-card\">\n          <div class=\"brxde-card-media\">\n            <img decoding=\"async\" src=\"https:\/\/www.bramex.de\/wp-content\/uploads\/2024\/04\/versicherung-Wohngebaudeversicherung.png\" alt=\"versicherung Wohngeb\u00e4udeversicherung\" loading=\"lazy\">\n          <\/div>\n          <div class=\"brxde-card-body\">\n            <h3 class=\"brxde-h3\">Wohngeb\u00e4udeversicherung<\/h3>\n            <p>Feuer, Sturm, Hagel, \u00dcberschwemmung, Starkregen. Sch\u00fctzen Sie sich vor den finanziellen Folgen eines Schadens an Ihrer Immobilie.<\/p>\n            <a class=\"brxde-link\" href=\"https:\/\/www.bramex.de\/de\/wohngebaudeversicherung\/\">Weitere Informationen<\/a>\n          <\/div>\n        <\/article>\n\n        <article class=\"brxde-card\">\n          <div class=\"brxde-card-media\">\n            <img decoding=\"async\" src=\"https:\/\/www.bramex.de\/wp-content\/uploads\/2024\/04\/lebensversicherung.png\" alt=\"lebensversicherung\" loading=\"lazy\">\n          <\/div>\n          <div class=\"brxde-card-body\">\n            <h3 class=\"brxde-h3\">Lebensversicherung<\/h3>\n            <p>Eine kosteng\u00fcnstige Absicherung der Familie oder eines Immobiliendarlehens. Vorgezogene Auszahlung der Versicherungssumme. Sonderleistungen bei Herzinfarkt oder Schlaganfall.<\/p>\n            <a class=\"brxde-link\" href=\"https:\/\/www.bramex.de\/de\/risikolebensversicherung\/\">Weitere Informationen<\/a>\n          <\/div>\n        <\/article>\n      <\/div>\n    <\/div>\n  <\/section>\n\n  <!-- OTROS SEGUROS -->\n  <section class=\"brxde-section\">\n    <div class=\"brxde-wrap\">\n      <div class=\"brxde-center-head\">\n        <div class=\"brxde-pill\">Weitere Absicherungen<\/div>\n        <h2 class=\"brxde-h2\">Weitere interessante Versicherungen<\/h2>\n      <\/div>\n\n      <div class=\"brxde-mini-grid\">\n        <article class=\"brxde-mini-card\">\n          <div class=\"brxde-mini-icon\" aria-hidden=\"true\">\n            <svg viewBox=\"0 0 24 24\" fill=\"none\">\n              <path d=\"M3 10.5 12 4l9 6.5\" stroke=\"currentColor\" stroke-width=\"1.8\" stroke-linecap=\"round\" stroke-linejoin=\"round\"\/>\n              <path d=\"M5 9.5V20h14V9.5\" stroke=\"currentColor\" stroke-width=\"1.8\" stroke-linecap=\"round\" stroke-linejoin=\"round\"\/>\n              <path d=\"M9.5 20v-5h5v5\" stroke=\"currentColor\" stroke-width=\"1.8\" stroke-linecap=\"round\" stroke-linejoin=\"round\"\/>\n            <\/svg>\n          <\/div>\n          <h3 class=\"brxde-h3\">Hausrat<\/h3>\n          <p>Hab und Gut gilt es, mit einer leistungsstarken Hausratversicherung zu sch\u00fctzen. Sie leistet bei Besch\u00e4digung im Rahmen der Grundgefahren Leitungswasser, Sturm\/Hagel, Brand\/Explosion sowie Einbruchdiebstahl.<\/p>\n          <a class=\"brxde-link\" href=\"https:\/\/www.bramex.de\/de\/hausratversicherung-und-glasversicherung\/\">Weitere Informationen<\/a>\n        <\/article>\n\n        <article class=\"brxde-mini-card\">\n          <div class=\"brxde-mini-icon\" aria-hidden=\"true\">\n            <svg viewBox=\"0 0 24 24\" fill=\"none\">\n              <path d=\"M3 17.5h18\" stroke=\"currentColor\" stroke-width=\"1.8\" stroke-linecap=\"round\"\/>\n              <path d=\"M5 15l4.5-5 3 2L19 6\" stroke=\"currentColor\" stroke-width=\"1.8\" stroke-linecap=\"round\" stroke-linejoin=\"round\"\/>\n              <path d=\"M16.5 6H19v2.5\" stroke=\"currentColor\" stroke-width=\"1.8\" stroke-linecap=\"round\" stroke-linejoin=\"round\"\/>\n            <\/svg>\n          <\/div>\n          <h3 class=\"brxde-h3\">Reise<\/h3>\n          <p>Die ideale Krankenversicherung f\u00fcr Urlaubsreisen au\u00dferhalb der Europ\u00e4ischen Union. F\u00fcr Singles und Familien als Jahresschutz oder f\u00fcr die einmalige Reise.<\/p>\n          <a class=\"brxde-link\" href=\"https:\/\/www.bramex.de\/de\/auslandsreisekrankenversicherung\/\">Weitere Informationen<\/a>\n        <\/article>\n\n        <article class=\"brxde-mini-card\">\n          <div class=\"brxde-mini-icon\" aria-hidden=\"true\">\n            <svg viewBox=\"0 0 24 24\" fill=\"none\">\n              <path d=\"M12 21s7-3.8 7-9.5V5.8L12 3 5 5.8v5.7C5 17.2 12 21 12 21Z\" stroke=\"currentColor\" stroke-width=\"1.8\" stroke-linecap=\"round\" stroke-linejoin=\"round\"\/>\n              <path d=\"m9.2 12 1.8 1.8 3.8-4.1\" stroke=\"currentColor\" stroke-width=\"1.8\" stroke-linecap=\"round\" stroke-linejoin=\"round\"\/>\n            <\/svg>\n          <\/div>\n          <h3 class=\"brxde-h3\">Haftpflicht<\/h3>\n          <p>Die Privathaftpflichtversicherung sch\u00fctzt Sie bei Schadensersatzanspr\u00fcchen Dritter. Diese Anspr\u00fcche k\u00f6nnen sich aus einem Personen- oder Sachschaden ergeben. Diese Versicherung bietet Ihnen einen umfassenden Schutz bei gleichzeitig g\u00fcnstiger Jahrespr\u00e4mie.<\/p>\n          <a class=\"brxde-link\" href=\"https:\/\/www.bramex.de\/de\/haftpflichtversicherung-abschliessen\/\">Weitere Informationen<\/a>\n        <\/article>\n      <\/div>\n    <\/div>\n  <\/section>\n\n  <!-- CTA FINAL -->\n  <section class=\"brxde-section brxde-cta\">\n    <div class=\"brxde-wrap\">\n      <div class=\"brxde-cta-box\">\n        <div>\n          <h2>W\u00fcnschen Sie eine individuelle Beratung?<\/h2>\n          <p>Wir stehen Ihnen zur Verf\u00fcgung.<\/p>\n        <\/div>\n        <div>\n          <a class=\"brxde-btn brxde-btn--light\" href=\"https:\/\/www.bramex.de\/de\/Kontakt\">Kontaktieren Sie uns<\/a>\n        <\/div>\n      <\/div>\n    <\/div>\n  <\/section>\n\n<\/section>\t\t\t\t<\/div>\n\t\t\t\t<\/div>\n\t\t\t\t<\/div>\n\t\t\t\t<\/div>\n\t\t","protected":false},"excerpt":{"rendered":"<p>BRAMEX Ihr Zuhause optimal gesch\u00fctzt Als Eigenheim- &#038; Immobilienbesitzer m\u00f6chten Sie sicher sein, dass Ihr Objekt gegen diverse Gefahren gesch\u00fctz ist. Wohngeb\u00e4udeversicherung Unabh\u00e4ngig &#038; pers\u00f6nlich Wer wir sind und was wir machen? Wir sind ein unabh\u00e4ngiger Versicherungsmakler und arbeiten \u00fcberregional. Unser Service beinhalten die kostenlose Beratung bei Versicherungsfragen mit anschlie\u00dfender Anbieterauswahl und Vertragsabschluss. W\u00e4hrend der &#8230; <a title=\"Versicherungsberater in Deutschland\" class=\"read-more\" href=\"https:\/\/www.bramex.de\/de\/\" aria-label=\"Mehr Informationen \u00fcber Versicherungsberater in Deutschland\">Weiterlesen<\/a><\/p>\n","protected":false},"author":4,"featured_media":0,"parent":0,"menu_order":0,"comment_status":"closed","ping_status":"closed","template":"elementor_header_footer","meta":{"footnotes":""},"class_list":["post-31532","page","type-page","status-publish"],"yoast_head":"<!-- This site is optimized with the Yoast SEO plugin v27.4 - https:\/\/yoast.com\/product\/yoast-seo-wordpress\/ -->\n<title>Versicherungsberater in Deutschland<\/title>\n<meta name=\"description\" content=\"Unabh\u00e4ngige Versicherungsexperten f\u00fcr Ihre Sicherheit. Ma\u00dfgeschneiderte L\u00f6sungen und umfassender Schutz f\u00fcr Ihr Zuhause, Ihre Gesundheit und Ihr Leben.\" \/>\n<meta name=\"robots\" content=\"index, follow, max-snippet:-1, max-image-preview:large, max-video-preview:-1\" \/>\n<link rel=\"canonical\" href=\"https:\/\/www.bramex.de\/de\/versicherungsberater\/\" \/>\n<meta property=\"og:locale\" content=\"de_DE\" \/>\n<meta property=\"og:type\" content=\"article\" \/>\n<meta property=\"og:title\" content=\"Versicherungsberater in Deutschland\" \/>\n<meta property=\"og:description\" content=\"Unabh\u00e4ngige Versicherungsexperten f\u00fcr Ihre Sicherheit. Ma\u00dfgeschneiderte L\u00f6sungen und umfassender Schutz f\u00fcr Ihr Zuhause, Ihre Gesundheit und Ihr Leben.\" \/>\n<meta property=\"og:url\" content=\"https:\/\/www.bramex.de\/de\/versicherungsberater\/\" \/>\n<meta property=\"og:site_name\" content=\"Bramex\" \/>\n<meta property=\"article:publisher\" content=\"https:\/\/www.facebook.com\/bramexseguros\" \/>\n<meta property=\"article:modified_time\" content=\"2026-03-28T22:57:09+00:00\" \/>\n<meta property=\"og:image\" content=\"https:\/\/www.bramex.de\/wp-content\/uploads\/2024\/04\/Versicherungsberater.png\" \/>\n<meta name=\"twitter:card\" content=\"summary_large_image\" \/>\n<meta name=\"twitter:label1\" content=\"Gesch\u00e4tzte Lesezeit\" \/>\n\t<meta name=\"twitter:data1\" content=\"3\u00a0Minuten\" \/>\n<script type=\"application\/ld+json\" class=\"yoast-schema-graph\">{\"@context\":\"https:\\\/\\\/schema.org\",\"@graph\":[{\"@type\":\"WebPage\",\"@id\":\"https:\\\/\\\/www.bramex.de\\\/de\\\/versicherungsberater\\\/\",\"url\":\"https:\\\/\\\/www.bramex.de\\\/de\\\/versicherungsberater\\\/\",\"name\":\"Versicherungsberater in Deutschland\",\"isPartOf\":{\"@id\":\"https:\\\/\\\/www.bramex.de\\\/#website\"},\"primaryImageOfPage\":{\"@id\":\"https:\\\/\\\/www.bramex.de\\\/de\\\/versicherungsberater\\\/#primaryimage\"},\"image\":{\"@id\":\"https:\\\/\\\/www.bramex.de\\\/de\\\/versicherungsberater\\\/#primaryimage\"},\"thumbnailUrl\":\"https:\\\/\\\/www.bramex.de\\\/wp-content\\\/uploads\\\/2024\\\/04\\\/Versicherungsberater.png\",\"datePublished\":\"2024-04-10T22:31:48+00:00\",\"dateModified\":\"2026-03-28T22:57:09+00:00\",\"description\":\"Unabh\u00e4ngige Versicherungsexperten f\u00fcr Ihre Sicherheit. Ma\u00dfgeschneiderte L\u00f6sungen und umfassender Schutz f\u00fcr Ihr Zuhause, Ihre Gesundheit und Ihr Leben.\",\"breadcrumb\":{\"@id\":\"https:\\\/\\\/www.bramex.de\\\/de\\\/versicherungsberater\\\/#breadcrumb\"},\"inLanguage\":\"de\",\"potentialAction\":[{\"@type\":\"ReadAction\",\"target\":[\"https:\\\/\\\/www.bramex.de\\\/de\\\/versicherungsberater\\\/\"]}]},{\"@type\":\"ImageObject\",\"inLanguage\":\"de\",\"@id\":\"https:\\\/\\\/www.bramex.de\\\/de\\\/versicherungsberater\\\/#primaryimage\",\"url\":\"https:\\\/\\\/www.bramex.de\\\/wp-content\\\/uploads\\\/2024\\\/04\\\/Versicherungsberater.png\",\"contentUrl\":\"https:\\\/\\\/www.bramex.de\\\/wp-content\\\/uploads\\\/2024\\\/04\\\/Versicherungsberater.png\"},{\"@type\":\"BreadcrumbList\",\"@id\":\"https:\\\/\\\/www.bramex.de\\\/de\\\/versicherungsberater\\\/#breadcrumb\",\"itemListElement\":[{\"@type\":\"ListItem\",\"position\":1,\"name\":\"Portada\",\"item\":\"https:\\\/\\\/www.bramex.de\\\/de\\\/versicherungsberater\\\/\"},{\"@type\":\"ListItem\",\"position\":2,\"name\":\"Versicherungsberater in Deutschland\"}]},{\"@type\":\"WebSite\",\"@id\":\"https:\\\/\\\/www.bramex.de\\\/#website\",\"url\":\"https:\\\/\\\/www.bramex.de\\\/\",\"name\":\"Bramex\",\"description\":\"Corredur\u00eda oficial en Alemania\",\"publisher\":{\"@id\":\"https:\\\/\\\/www.bramex.de\\\/#organization\"},\"potentialAction\":[{\"@type\":\"SearchAction\",\"target\":{\"@type\":\"EntryPoint\",\"urlTemplate\":\"https:\\\/\\\/www.bramex.de\\\/?s={search_term_string}\"},\"query-input\":{\"@type\":\"PropertyValueSpecification\",\"valueRequired\":true,\"valueName\":\"search_term_string\"}}],\"inLanguage\":\"de\"},{\"@type\":\"Organization\",\"@id\":\"https:\\\/\\\/www.bramex.de\\\/#organization\",\"name\":\"Bramex\",\"url\":\"https:\\\/\\\/www.bramex.de\\\/\",\"logo\":{\"@type\":\"ImageObject\",\"inLanguage\":\"de\",\"@id\":\"https:\\\/\\\/www.bramex.de\\\/#\\\/schema\\\/logo\\\/image\\\/\",\"url\":\"https:\\\/\\\/www.bramex.de\\\/wp-content\\\/uploads\\\/2021\\\/01\\\/bramex_esp.png\",\"contentUrl\":\"https:\\\/\\\/www.bramex.de\\\/wp-content\\\/uploads\\\/2021\\\/01\\\/bramex_esp.png\",\"width\":2560,\"height\":689,\"caption\":\"Bramex\"},\"image\":{\"@id\":\"https:\\\/\\\/www.bramex.de\\\/#\\\/schema\\\/logo\\\/image\\\/\"},\"sameAs\":[\"https:\\\/\\\/www.facebook.com\\\/bramexseguros\",\"https:\\\/\\\/www.youtube.com\\\/channel\\\/UC710Tp0JpVJ5pcvVLUO1o9w\",\"https:\\\/\\\/www.instagram.com\\\/bramexalemania\\\/\"]}]}<\/script>\n<!-- \/ Yoast SEO plugin. -->","yoast_head_json":{"title":"Versicherungsberater in Deutschland","description":"Unabh\u00e4ngige Versicherungsexperten f\u00fcr Ihre Sicherheit. Ma\u00dfgeschneiderte L\u00f6sungen und umfassender Schutz f\u00fcr Ihr Zuhause, Ihre Gesundheit und Ihr Leben.","robots":{"index":"index","follow":"follow","max-snippet":"max-snippet:-1","max-image-preview":"max-image-preview:large","max-video-preview":"max-video-preview:-1"},"canonical":"https:\/\/www.bramex.de\/de\/versicherungsberater\/","og_locale":"de_DE","og_type":"article","og_title":"Versicherungsberater in Deutschland","og_description":"Unabh\u00e4ngige Versicherungsexperten f\u00fcr Ihre Sicherheit. Ma\u00dfgeschneiderte L\u00f6sungen und umfassender Schutz f\u00fcr Ihr Zuhause, Ihre Gesundheit und Ihr Leben.","og_url":"https:\/\/www.bramex.de\/de\/versicherungsberater\/","og_site_name":"Bramex","article_publisher":"https:\/\/www.facebook.com\/bramexseguros","article_modified_time":"2026-03-28T22:57:09+00:00","og_image":[{"url":"https:\/\/www.bramex.de\/wp-content\/uploads\/2024\/04\/Versicherungsberater.png","type":"","width":"","height":""}],"twitter_card":"summary_large_image","twitter_misc":{"Gesch\u00e4tzte Lesezeit":"3\u00a0Minuten"},"schema":{"@context":"https:\/\/schema.org","@graph":[{"@type":"WebPage","@id":"https:\/\/www.bramex.de\/de\/versicherungsberater\/","url":"https:\/\/www.bramex.de\/de\/versicherungsberater\/","name":"Versicherungsberater in Deutschland","isPartOf":{"@id":"https:\/\/www.bramex.de\/#website"},"primaryImageOfPage":{"@id":"https:\/\/www.bramex.de\/de\/versicherungsberater\/#primaryimage"},"image":{"@id":"https:\/\/www.bramex.de\/de\/versicherungsberater\/#primaryimage"},"thumbnailUrl":"https:\/\/www.bramex.de\/wp-content\/uploads\/2024\/04\/Versicherungsberater.png","datePublished":"2024-04-10T22:31:48+00:00","dateModified":"2026-03-28T22:57:09+00:00","description":"Unabh\u00e4ngige Versicherungsexperten f\u00fcr Ihre Sicherheit. Ma\u00dfgeschneiderte L\u00f6sungen und umfassender Schutz f\u00fcr Ihr Zuhause, Ihre Gesundheit und Ihr Leben.","breadcrumb":{"@id":"https:\/\/www.bramex.de\/de\/versicherungsberater\/#breadcrumb"},"inLanguage":"de","potentialAction":[{"@type":"ReadAction","target":["https:\/\/www.bramex.de\/de\/versicherungsberater\/"]}]},{"@type":"ImageObject","inLanguage":"de","@id":"https:\/\/www.bramex.de\/de\/versicherungsberater\/#primaryimage","url":"https:\/\/www.bramex.de\/wp-content\/uploads\/2024\/04\/Versicherungsberater.png","contentUrl":"https:\/\/www.bramex.de\/wp-content\/uploads\/2024\/04\/Versicherungsberater.png"},{"@type":"BreadcrumbList","@id":"https:\/\/www.bramex.de\/de\/versicherungsberater\/#breadcrumb","itemListElement":[{"@type":"ListItem","position":1,"name":"Portada","item":"https:\/\/www.bramex.de\/de\/versicherungsberater\/"},{"@type":"ListItem","position":2,"name":"Versicherungsberater in Deutschland"}]},{"@type":"WebSite","@id":"https:\/\/www.bramex.de\/#website","url":"https:\/\/www.bramex.de\/","name":"Bramex","description":"Corredur\u00eda oficial en Alemania","publisher":{"@id":"https:\/\/www.bramex.de\/#organization"},"potentialAction":[{"@type":"SearchAction","target":{"@type":"EntryPoint","urlTemplate":"https:\/\/www.bramex.de\/?s={search_term_string}"},"query-input":{"@type":"PropertyValueSpecification","valueRequired":true,"valueName":"search_term_string"}}],"inLanguage":"de"},{"@type":"Organization","@id":"https:\/\/www.bramex.de\/#organization","name":"Bramex","url":"https:\/\/www.bramex.de\/","logo":{"@type":"ImageObject","inLanguage":"de","@id":"https:\/\/www.bramex.de\/#\/schema\/logo\/image\/","url":"https:\/\/www.bramex.de\/wp-content\/uploads\/2021\/01\/bramex_esp.png","contentUrl":"https:\/\/www.bramex.de\/wp-content\/uploads\/2021\/01\/bramex_esp.png","width":2560,"height":689,"caption":"Bramex"},"image":{"@id":"https:\/\/www.bramex.de\/#\/schema\/logo\/image\/"},"sameAs":["https:\/\/www.facebook.com\/bramexseguros","https:\/\/www.youtube.com\/channel\/UC710Tp0JpVJ5pcvVLUO1o9w","https:\/\/www.instagram.com\/bramexalemania\/"]}]}},"_links":{"self":[{"href":"https:\/\/www.bramex.de\/de\/wp-json\/wp\/v2\/pages\/31532","targetHints":{"allow":["GET"]}}],"collection":[{"href":"https:\/\/www.bramex.de\/de\/wp-json\/wp\/v2\/pages"}],"about":[{"href":"https:\/\/www.bramex.de\/de\/wp-json\/wp\/v2\/types\/page"}],"author":[{"embeddable":true,"href":"https:\/\/www.bramex.de\/de\/wp-json\/wp\/v2\/users\/4"}],"replies":[{"embeddable":true,"href":"https:\/\/www.bramex.de\/de\/wp-json\/wp\/v2\/comments?post=31532"}],"version-history":[{"count":12,"href":"https:\/\/www.bramex.de\/de\/wp-json\/wp\/v2\/pages\/31532\/revisions"}],"predecessor-version":[{"id":36279,"href":"https:\/\/www.bramex.de\/de\/wp-json\/wp\/v2\/pages\/31532\/revisions\/36279"}],"wp:attachment":[{"href":"https:\/\/www.bramex.de\/de\/wp-json\/wp\/v2\/media?parent=31532"}],"curies":[{"name":"wp","href":"https:\/\/api.w.org\/{rel}","templated":true}]}}